{"id":15045,"date":"2015-12-30T15:36:57","date_gmt":"2015-12-30T15:36:57","guid":{"rendered":"http:\/\/saue-auto.ee\/?page_id=15045"},"modified":"2022-06-01T14:02:42","modified_gmt":"2022-06-01T11:02:42","slug":"ettevottest","status":"publish","type":"page","link":"https:\/\/saue-auto.ee\/fi\/ettevottest\/","title":{"rendered":"Yritys"},"content":{"rendered":"[vc_row type=&#8221;in_container&#8221; full_screen_row_position=&#8221;middle&#8221; scene_position=&#8221;center&#8221; text_color=&#8221;dark&#8221; text_align=&#8221;left&#8221; overlay_strength=&#8221;0.3&#8243; shape_divider_position=&#8221;bottom&#8221;][vc_column column_padding=&#8221;no-extra-padding&#8221; column_padding_position=&#8221;all&#8221; background_color_opacity=&#8221;1&#8243; background_hover_color_opacity=&#8221;1&#8243; column_link_target=&#8221;_self&#8221; column_shadow=&#8221;none&#8221; column_border_radius=&#8221;none&#8221; width=&#8221;1\/1&#8243; tablet_width_inherit=&#8221;default&#8221; tablet_text_alignment=&#8221;default&#8221; phone_text_alignment=&#8221;default&#8221; column_border_width=&#8221;none&#8221; column_border_style=&#8221;solid&#8221;][vc_column_text]<strong>Saue Auto AS<\/strong> on perustettu 19.5.1994. Yritys aloitti toimintansa Merko-rakennusliikkeen tyt\u00e4ryhti\u00f6n\u00e4, ja ensimm\u00e4isen\u00e4 suurehkona teht\u00e4v\u00e4n\u00e4 oli Merkon rakentaman Hansapankin talon rakennusosien kuljetus Suomesta. Suoritimme kuljetuksia Suomeen ja Ven\u00e4j\u00e4lle, mink\u00e4 j\u00e4lkeen laajensimme toimintaa Saksaan, Alankomaihin ja muualle L\u00e4nsi-Eurooppaan sek\u00e4 Skandinaviaan.<\/p>\n<p><strong>Vuodesta 2004<\/strong> toimimme itsen\u00e4isen\u00e4 yrityksen\u00e4. Nykyisin Saue Auto AS on sataprosenttisesti virolaiseen yksityisp\u00e4\u00e4omaan perustuva kuljetusliike. P\u00e4\u00e4toimialamme on edelleen <strong>kansainv\u00e4listen maantiekuljetusten j\u00e4rjest\u00e4minen<\/strong>. Suoritamme kuljetuksia Pohjoismaihin ja useimpiin muihin Euroopan maihin. Yli 20 vuoden toimintahistoriamme aikana olemme kartuttaneet tietoja ja kokemuksia pysty\u00e4ksemme tarjoamaan asiakkaille sit\u00e4, mit\u00e4 he tarvitsevat, ja v\u00e4h\u00e4n enemm\u00e4nkin.<\/p>\n<p>Kuljetuskalustoomme kuuluu <strong>yli 65 kuorma-autoa<\/strong>, tavallisia, kaksitasoisia ja kylm\u00e4kuljetusper\u00e4vaunuja.<\/p>\n<p>Kaikki automme on varustettu nykyaikaisella <strong>GPS-paikantimella<\/strong>, mik\u00e4 takaa tarkan ja nopean k\u00e4sityksen kuljetusteht\u00e4vi\u00e4 suorittavien ajoneuvojen reitist\u00e4 ja luo sujuvan yhteisty\u00f6n henkil\u00f6kuntamme ja asiakkaan v\u00e4lill\u00e4. Olemme Viron kansainv\u00e4listen kuljetusliikkeiden liiton (ERAA) j\u00e4sen, ja kaikilla kuljettamillamme rahdeilla on <strong>CMR-vakuutusturva<\/strong>, lis\u00e4ksi olemme Viron katsastajaliiton j\u00e4sen.<\/p>\n<p>Yritys on perustamisesta alkaen sijainnut Sauessa. Meill\u00e4 on liikekiinteist\u00f6 osoitteessa Tule 33, Saue. Harjoitamme toimisto-, tuotanto-, ja varastotilojen vuokrausta.<\/p>\n<p>Yrityksess\u00e4 on satakunta ty\u00f6ntekij\u00e4\u00e4 ja pyrimme tarjoamaan nopeaa ja joustavaa palvelua \u2013 olemme aina asiakkaan tavoitettavissa.<\/p>\n<p style=\"text-align: left;\"><a href=\"http:\/\/saue-auto.ee\/wp-content\/uploads\/2015\/12\/logo-copy.png\" rel=\"attachment wp-att-14810\"><img loading=\"lazy\" decoding=\"async\" class=\"size-full wp-image-14585 alignnone\" src=\"http:\/\/saue-auto.ee\/wp-content\/uploads\/2015\/12\/1.png\" alt=\"1\" width=\"203\" height=\"70\" \/><img loading=\"lazy\" decoding=\"async\" class=\"alignnone size-full wp-image-15165\" src=\"http:\/\/saue-auto.ee\/wp-content\/uploads\/2015\/12\/logo-copy-copy.png\" alt=\"logo-copy copy\" width=\"134\" height=\"70\" \/><\/a><img loading=\"lazy\" decoding=\"async\" class=\"size-full wp-image-14718 alignnone\" src=\"http:\/\/saue-auto.ee\/wp-content\/uploads\/2015\/12\/T\u00dcL-copy_2-1.png\" alt=\"T\u00dcL-copy_2\" width=\"302\" height=\"70\" srcset=\"https:\/\/saue-auto.ee\/wp-content\/uploads\/2015\/12\/T\u00dcL-copy_2-1.png 302w, https:\/\/saue-auto.ee\/wp-content\/uploads\/2015\/12\/T\u00dcL-copy_2-1-300x70.png 300w\" sizes=\"auto, (max-width: 302px) 100vw, 302px\" \/><\/p>\n<p style=\"text-align: left;\"><a href=\"http:\/\/saue-auto.ee\/wp-content\/uploads\/2015\/12\/\u00fclevaatus2-copy.png\" rel=\"attachment wp-att-14787\"><img loading=\"lazy\" decoding=\"async\" class=\"alignleft size-medium wp-image-14787\" src=\"https:\/\/saue-auto.ee\/wp-content\/uploads\/2015\/12\/\u00fclevaatus2-copy-203x300.png\" alt=\"\u00fclevaatus2 copy\" width=\"203\" height=\"300\" srcset=\"https:\/\/saue-auto.ee\/wp-content\/uploads\/2015\/12\/\u00fclevaatus2-copy-203x300.png 203w, https:\/\/saue-auto.ee\/wp-content\/uploads\/2015\/12\/\u00fclevaatus2-copy-768x1136.png 768w, https:\/\/saue-auto.ee\/wp-content\/uploads\/2015\/12\/\u00fclevaatus2-copy-697x1030.png 697w, https:\/\/saue-auto.ee\/wp-content\/uploads\/2015\/12\/\u00fclevaatus2-copy.png 1247w\" sizes=\"auto, (max-width: 203px) 100vw, 203px\" \/><\/a><a href=\"http:\/\/saue-auto.ee\/wp-content\/uploads\/2015\/12\/ISO.png\" rel=\"attachment wp-att-14738\"><img loading=\"lazy\" decoding=\"async\" class=\"alignleft wp-image-14738 size-medium\" src=\"https:\/\/saue-auto.ee\/wp-content\/uploads\/2015\/12\/ISO-212x300.png\" alt=\"ISO\" width=\"212\" height=\"300\" srcset=\"https:\/\/saue-auto.ee\/wp-content\/uploads\/2015\/12\/ISO-212x300.png 212w, https:\/\/saue-auto.ee\/wp-content\/uploads\/2015\/12\/ISO-768x1089.png 768w, https:\/\/saue-auto.ee\/wp-content\/uploads\/2015\/12\/ISO-727x1030.png 727w, https:\/\/saue-auto.ee\/wp-content\/uploads\/2015\/12\/ISO.png 1568w\" sizes=\"auto, (max-width: 212px) 100vw, 212px\" \/><\/a><\/p>\n<p>EN ISO 9002<br \/>\nEN ISO 14001<br \/>\nSERTIFIKAATTI<br \/>\nMy\u00f6nt\u00e4nyt SKAL<br \/>\nSuomen Kuorma-Autoliitto<br \/>\n24.7.2000[\/vc_column_text][divider line_type=&#8221;Full Width Line&#8221; line_thickness=&#8221;1&#8243; divider_color=&#8221;default&#8221; custom_height=&#8221;1&#8243;][\/vc_column][\/vc_row][vc_row type=&#8221;full_width_background&#8221; full_screen_row_position=&#8221;middle&#8221; scene_position=&#8221;center&#8221; text_color=&#8221;dark&#8221; text_align=&#8221;left&#8221; top_padding=&#8221;25&#8243; bottom_padding=&#8221;60&#8243; overlay_strength=&#8221;0.3&#8243; shape_divider_position=&#8221;bottom&#8221;][vc_column column_padding=&#8221;no-extra-padding&#8221; column_padding_position=&#8221;all&#8221; background_color_opacity=&#8221;1&#8243; background_hover_color_opacity=&#8221;1&#8243; column_link_target=&#8221;_self&#8221; column_shadow=&#8221;none&#8221; column_border_radius=&#8221;none&#8221; width=&#8221;1\/2&#8243; tablet_width_inherit=&#8221;default&#8221; tablet_text_alignment=&#8221;default&#8221; phone_text_alignment=&#8221;default&#8221; column_border_width=&#8221;none&#8221; column_border_style=&#8221;solid&#8221;][fancy_box box_style=&#8221;default&#8221; icon_family=&#8221;none&#8221; image_url=&#8221;14831&#8243; color=&#8221;Extra-Color-1&#8243; min_height=&#8221;100&#8243; link_url=&#8221;http:\/\/saue-auto.ee\/fi\/teenused\/&#8221; link_text=&#8221;KATSO LIS\u00c4\u00c4&#8221;]\n<h1>Palvelut<\/h1>\n<p>Saue Auto AS on perustettu 19.5.1994. Nyky\u00e4\u00e4n tarjoamme seuraavia palveluja:<\/p>\n<p>\u2013 Kansainv\u00e4liset maantiekuljetukset<br \/>\n\u2013 Katsastukset<br \/>\n\u2013 Liiketilojen vuokraus[\/fancy_box][\/vc_column][vc_column column_padding=&#8221;no-extra-padding&#8221; column_padding_position=&#8221;all&#8221; background_color_opacity=&#8221;1&#8243; background_hover_color_opacity=&#8221;1&#8243; column_link_target=&#8221;_self&#8221; column_shadow=&#8221;none&#8221; column_border_radius=&#8221;none&#8221; width=&#8221;1\/2&#8243; tablet_width_inherit=&#8221;default&#8221; tablet_text_alignment=&#8221;default&#8221; phone_text_alignment=&#8221;default&#8221; column_border_width=&#8221;none&#8221; column_border_style=&#8221;solid&#8221;][fancy_box box_style=&#8221;default&#8221; icon_family=&#8221;none&#8221; image_url=&#8221;13933&#8243; color=&#8221;Extra-Color-1&#8243; min_height=&#8221;100&#8243; link_url=&#8221;http:\/\/saue-auto.ee\/fi\/kontakt\/&#8221; link_text=&#8221;KATSO LIS\u00c4\u00c4&#8221;]\n<h1>Yhteystiedot<\/h1>\n<p>Saue Auto AS<br \/>\nKaupparekisterinumero 10115980<br \/>\nTule 33, 76505 Saue, Viro<br \/>\nPuh. +372 610 5050<br \/>\nFaksi +372 610 5055<br \/>\nS\u00e4hk\u00f6posti &#x74;&#114;&#97;n&#x73;&#x70;&#111;r&#x74;&#x40;&#115;a&#x75;&#x65;&#45;a&#x75;&#x74;&#111;&#46;&#x65;&#x65;[\/fancy_box][\/vc_column][\/vc_row]\n","protected":false},"excerpt":{"rendered":"<p>[vc_row type=&#8221;in_container&#8221; full_screen_row_position=&#8221;middle&#8221; scene_position=&#8221;center&#8221; text_color=&#8221;dark&#8221; text_align=&#8221;left&#8221; overlay_strength=&#8221;0.3&#8243; shape_divider_position=&#8221;bottom&#8221;][vc_column column_padding=&#8221;no-extra-padding&#8221; column_padding_position=&#8221;all&#8221; background_color_opacity=&#8221;1&#8243; background_hover_color_opacity=&#8221;1&#8243; column_link_target=&#8221;_self&#8221; column_shadow=&#8221;none&#8221; column_border_radius=&#8221;none&#8221; width=&#8221;1\/1&#8243; tablet_width_inherit=&#8221;default&#8221; tablet_text_alignment=&#8221;default&#8221; phone_text_alignment=&#8221;default&#8221; column_border_width=&#8221;none&#8221; column_border_style=&#8221;solid&#8221;][vc_column_text]Saue Auto AS on perustettu 19.5.1994. Yritys aloitti toimintansa Merko-rakennusliikkeen&#8230;<\/p>\n","protected":false},"author":3,"featured_media":0,"parent":0,"menu_order":0,"comment_status":"closed","ping_status":"closed","template":"","meta":{"footnotes":""},"class_list":["post-15045","page","type-page","status-publish"],"_links":{"self":[{"href":"https:\/\/saue-auto.ee\/fi\/wp-json\/wp\/v2\/pages\/15045","targetHints":{"allow":["GET"]}}],"collection":[{"href":"https:\/\/saue-auto.ee\/fi\/wp-json\/wp\/v2\/pages"}],"about":[{"href":"https:\/\/saue-auto.ee\/fi\/wp-json\/wp\/v2\/types\/page"}],"author":[{"embeddable":true,"href":"https:\/\/saue-auto.ee\/fi\/wp-json\/wp\/v2\/users\/3"}],"replies":[{"embeddable":true,"href":"https:\/\/saue-auto.ee\/fi\/wp-json\/wp\/v2\/comments?post=15045"}],"version-history":[{"count":10,"href":"https:\/\/saue-auto.ee\/fi\/wp-json\/wp\/v2\/pages\/15045\/revisions"}],"predecessor-version":[{"id":15558,"href":"https:\/\/saue-auto.ee\/fi\/wp-json\/wp\/v2\/pages\/15045\/revisions\/15558"}],"wp:attachment":[{"href":"https:\/\/saue-auto.ee\/fi\/wp-json\/wp\/v2\/media?parent=15045"}],"curies":[{"name":"wp","href":"https:\/\/api.w.org\/{rel}","templated":true}]}}