{"id":15060,"date":"2016-04-01T02:25:12","date_gmt":"2016-04-01T02:25:12","guid":{"rendered":"http:\/\/saue-auto.ee\/?page_id=15060"},"modified":"2024-01-31T11:20:11","modified_gmt":"2024-01-31T08:20:11","slug":"tehnoulevaatus","status":"publish","type":"page","link":"https:\/\/saue-auto.ee\/fi\/tehnoulevaatus\/","title":{"rendered":"Katsastukset"},"content":{"rendered":"[vc_row type=&#8221;in_container&#8221; full_screen_row_position=&#8221;middle&#8221; scene_position=&#8221;center&#8221; text_color=&#8221;dark&#8221; text_align=&#8221;left&#8221; overlay_strength=&#8221;0.3&#8243; shape_divider_position=&#8221;bottom&#8221;][vc_column column_padding=&#8221;no-extra-padding&#8221; column_padding_position=&#8221;all&#8221; background_color=&#8221;#ffffff&#8221; background_color_opacity=&#8221;1&#8243; background_hover_color_opacity=&#8221;1&#8243; column_link_target=&#8221;_self&#8221; column_shadow=&#8221;none&#8221; column_border_radius=&#8221;none&#8221; width=&#8221;1\/2&#8243; tablet_width_inherit=&#8221;default&#8221; tablet_text_alignment=&#8221;default&#8221; phone_text_alignment=&#8221;default&#8221; column_border_width=&#8221;none&#8221; column_border_style=&#8221;solid&#8221;][vc_column_text css=&#8221;.vc_custom_1496148125867{padding-top: 20px !important;padding-right: 40px !important;padding-bottom: 7px !important;padding-left: 40px !important;border-radius: 2px !important;}&#8221;]\n<h2>Katsastuspiste on avoinna:<\/h2>\n<p><strong>ma\u2013pe 9\u201318<\/strong><br \/>\n<strong>la 9\u201314<\/strong><br \/>\n<strong>Puh: +372 610 5056<\/strong><br \/>\n<strong>S\u00e4hk\u00f6posti:\u00a0<a href=\"&#x6d;&#97;&#105;l&#x74;&#x6f;&#58;y&#x6c;&#x65;&#118;aa&#x74;&#117;&#115;&#64;&#x73;&#x61;&#117;e&#x2d;&#x61;&#117;&#116;o&#x2e;&#x65;&#101;\">&#x79;&#108;e&#x76;&#97;a&#x74;&#117;s&#x40;&#x73;&#97;&#x75;&#x65;&#45;a&#x75;&#116;o&#x2e;&#101;e<\/a><\/strong><\/p>\n<p><strong><br \/>\n<img loading=\"lazy\" decoding=\"async\" class=\"alignnone size-full wp-image-14664\" src=\"https:\/\/saue-auto.ee\/wp-content\/uploads\/2015\/12\/T\u00dcL-copy_2.png\" alt=\"T\u00dcL copy_2\" width=\"302\" height=\"70\" srcset=\"https:\/\/saue-auto.ee\/wp-content\/uploads\/2015\/12\/T\u00dcL-copy_2.png 302w, https:\/\/saue-auto.ee\/wp-content\/uploads\/2015\/12\/T\u00dcL-copy_2-300x70.png 300w\" sizes=\"auto, (max-width: 302px) 100vw, 302px\" \/><\/strong>[\/vc_column_text][\/vc_column][vc_column column_padding=&#8221;no-extra-padding&#8221; column_padding_position=&#8221;all&#8221; background_color_opacity=&#8221;1&#8243; background_hover_color_opacity=&#8221;1&#8243; column_link_target=&#8221;_self&#8221; column_shadow=&#8221;none&#8221; column_border_radius=&#8221;none&#8221; width=&#8221;1\/2&#8243; tablet_width_inherit=&#8221;default&#8221; tablet_text_alignment=&#8221;default&#8221; phone_text_alignment=&#8221;default&#8221; column_border_width=&#8221;none&#8221; column_border_style=&#8221;solid&#8221;][vc_column_text]<a href=\"https:\/\/saue-auto.ee\/wp-content\/uploads\/2015\/12\/\u00fclevaatus2-copy-203x300.png\" rel=\"attachment wp-att-14787\"><img loading=\"lazy\" decoding=\"async\" class=\"alignleft size-medium wp-image-14787\" src=\"https:\/\/saue-auto.ee\/wp-content\/uploads\/2015\/12\/\u00fclevaatus2-copy-203x300.png\" alt=\"\u00fclevaatus2 copy\" width=\"203\" height=\"300\" srcset=\"https:\/\/saue-auto.ee\/wp-content\/uploads\/2015\/12\/\u00fclevaatus2-copy-203x300.png 203w, https:\/\/saue-auto.ee\/wp-content\/uploads\/2015\/12\/\u00fclevaatus2-copy-768x1136.png 768w, https:\/\/saue-auto.ee\/wp-content\/uploads\/2015\/12\/\u00fclevaatus2-copy-697x1030.png 697w, https:\/\/saue-auto.ee\/wp-content\/uploads\/2015\/12\/\u00fclevaatus2-copy.png 1247w\" sizes=\"auto, (max-width: 203px) 100vw, 203px\" \/><\/a>[\/vc_column_text][\/vc_column][\/vc_row][vc_row type=&#8221;in_container&#8221; full_screen_row_position=&#8221;middle&#8221; scene_position=&#8221;center&#8221; text_color=&#8221;dark&#8221; text_align=&#8221;left&#8221; overlay_strength=&#8221;0.3&#8243; shape_divider_position=&#8221;bottom&#8221;][vc_column column_padding=&#8221;no-extra-padding&#8221; column_padding_position=&#8221;all&#8221; background_color_opacity=&#8221;1&#8243; background_hover_color_opacity=&#8221;1&#8243; column_link_target=&#8221;_self&#8221; column_shadow=&#8221;none&#8221; column_border_radius=&#8221;none&#8221; width=&#8221;1\/1&#8243; tablet_width_inherit=&#8221;default&#8221; tablet_text_alignment=&#8221;default&#8221; phone_text_alignment=&#8221;default&#8221; column_border_width=&#8221;none&#8221; column_border_style=&#8221;solid&#8221;][vc_column_text]\n<table width=\"596\">\n<tbody>\n<tr>\n<td width=\"39\"><\/td>\n<td width=\"145\"><\/td>\n<td width=\"64\"><\/td>\n<td width=\"64\"><\/td>\n<td width=\"64\"><\/td>\n<td width=\"64\"><\/td>\n<td width=\"78\"><\/td>\n<td width=\"78\"><\/td>\n<\/tr>\n<tr>\n<td colspan=\"8\" width=\"596\"><strong>KATSASTUSHINNASTO 01.02.2024.<\/strong><\/td>\n<\/tr>\n<tr>\n<td width=\"39\"><\/td>\n<td width=\"145\"><\/td>\n<td width=\"64\"><\/td>\n<td width=\"64\"><\/td>\n<td width=\"64\"><\/td>\n<td width=\"64\"><\/td>\n<td width=\"78\"><\/td>\n<td width=\"78\"><\/td>\n<\/tr>\n<tr>\n<td width=\"39\"><strong>\u00a0<\/strong><\/td>\n<td width=\"145\"><strong>\u00a0<\/strong><\/td>\n<td width=\"64\"><strong>\u00a0<\/strong><\/td>\n<td rowspan=\"2\" width=\"64\"><strong>Perushinta<\/strong><\/td>\n<td colspan=\"2\" width=\"128\"><strong>P\u00e4\u00e4st\u00f6mittauksen sis\u00e4lt\u00e4v\u00e4 hinta<\/strong><\/td>\n<td colspan=\"2\" width=\"156\"><strong>Lis\u00e4maksut<\/strong><\/td>\n<\/tr>\n<tr>\n<td width=\"39\"><strong>Jnro<\/strong><\/td>\n<td width=\"145\"><strong>Ajoneuvon nimitys<\/strong><\/td>\n<td width=\"64\"><strong>Ajoneuvon luokka<\/strong><\/td>\n<td width=\"64\"><strong>Dieselmoottori<\/strong><\/td>\n<td width=\"64\"><strong>Ottomoottori<\/strong><\/td>\n<td width=\"78\"><strong>Kansainv\u00e4linen katsastus<\/strong><\/td>\n<td width=\"78\"><strong>Turvallinen kuorma-auto, per\u00e4vaunu, bussi<\/strong><\/td>\n<\/tr>\n<tr>\n<td width=\"39\"><\/td>\n<td width=\"145\"><\/td>\n<td width=\"64\"><\/td>\n<td width=\"64\">EUR<\/td>\n<td width=\"64\">EUR<\/td>\n<td width=\"64\">EUR<\/td>\n<td width=\"78\">EUR<\/td>\n<td width=\"78\">EUR<\/td>\n<\/tr>\n<tr>\n<td width=\"39\">1<\/td>\n<td width=\"145\">Moottoripy\u00f6r\u00e4t<\/td>\n<td width=\"64\">L<\/td>\n<td width=\"64\"><strong>30<\/strong><\/td>\n<td width=\"64\"><\/td>\n<td width=\"64\"><\/td>\n<td width=\"78\"><\/td>\n<td width=\"78\"><\/td>\n<\/tr>\n<tr>\n<td width=\"39\">2<\/td>\n<td width=\"145\">Henkil\u00f6autot<\/td>\n<td width=\"64\">M1<\/td>\n<td width=\"64\"><strong>50<\/strong><\/td>\n<td width=\"64\">60<\/td>\n<td width=\"64\">60<\/td>\n<td width=\"78\"><\/td>\n<td width=\"78\"><\/td>\n<\/tr>\n<tr>\n<td width=\"39\">3<\/td>\n<td width=\"145\">Pikkubussit<\/td>\n<td width=\"64\">M2<\/td>\n<td width=\"64\"><strong>65<\/strong><\/td>\n<td width=\"64\">75<\/td>\n<td width=\"64\">75<\/td>\n<td width=\"78\">10<\/td>\n<td width=\"78\">20<\/td>\n<\/tr>\n<tr>\n<td width=\"39\">4<\/td>\n<td width=\"145\">Bussit<\/td>\n<td width=\"64\">M3<\/td>\n<td width=\"64\"><strong>70<\/strong><\/td>\n<td width=\"64\">80<\/td>\n<td width=\"64\">80<\/td>\n<td width=\"78\">10<\/td>\n<td width=\"78\">20<\/td>\n<\/tr>\n<tr>\n<td width=\"39\">5<\/td>\n<td width=\"145\">Nivelbussit<\/td>\n<td width=\"64\">M3<\/td>\n<td width=\"64\"><strong>70<\/strong><\/td>\n<td width=\"64\">80<\/td>\n<td width=\"64\">80<\/td>\n<td width=\"78\"><\/td>\n<td width=\"78\"><\/td>\n<\/tr>\n<tr>\n<td width=\"39\">6<\/td>\n<td width=\"145\">Kuorma-autot<\/td>\n<td width=\"64\">N1<\/td>\n<td width=\"64\"><strong>55<\/strong><\/td>\n<td width=\"64\">65<\/td>\n<td width=\"64\">65<\/td>\n<td width=\"78\"><\/td>\n<td width=\"78\"><\/td>\n<\/tr>\n<tr>\n<td width=\"39\">7<\/td>\n<td width=\"145\">Kuorma-autot<\/td>\n<td width=\"64\">N2<\/td>\n<td width=\"64\"><strong>60<\/strong><\/td>\n<td width=\"64\">70<\/td>\n<td width=\"64\">70<\/td>\n<td width=\"78\">10<\/td>\n<td width=\"78\">20<\/td>\n<\/tr>\n<tr>\n<td width=\"39\">8<\/td>\n<td width=\"145\">Kuorma-autot<\/td>\n<td width=\"64\">N3<\/td>\n<td width=\"64\"><strong>70<\/strong><\/td>\n<td width=\"64\">80<\/td>\n<td width=\"64\">80<\/td>\n<td width=\"78\">10<\/td>\n<td width=\"78\">20<\/td>\n<\/tr>\n<tr>\n<td width=\"39\">9<\/td>\n<td width=\"145\">Kevytper\u00e4vaunut<\/td>\n<td width=\"64\">O1<\/td>\n<td width=\"64\"><strong>20<\/strong><\/td>\n<td width=\"64\"><\/td>\n<td width=\"64\"><\/td>\n<td width=\"78\"><\/td>\n<td width=\"78\"><\/td>\n<\/tr>\n<tr>\n<td width=\"39\">10<\/td>\n<td width=\"145\">Per\u00e4vaunut<\/td>\n<td width=\"64\">O2<\/td>\n<td width=\"64\"><strong>30<\/strong><\/td>\n<td width=\"64\"><\/td>\n<td width=\"64\"><\/td>\n<td width=\"78\">10<\/td>\n<td width=\"78\"><\/td>\n<\/tr>\n<tr>\n<td width=\"39\">11<\/td>\n<td width=\"145\">Per\u00e4vaunut<\/td>\n<td width=\"64\">O3<\/td>\n<td width=\"64\"><strong>45<\/strong><\/td>\n<td width=\"64\"><\/td>\n<td width=\"64\"><\/td>\n<td width=\"78\">10<\/td>\n<td width=\"78\">20<\/td>\n<\/tr>\n<tr>\n<td width=\"39\">12<\/td>\n<td width=\"145\">Per\u00e4vaunut<\/td>\n<td width=\"64\">O4<\/td>\n<td width=\"64\"><strong>50<\/strong><\/td>\n<td width=\"64\"><\/td>\n<td width=\"64\"><\/td>\n<td width=\"78\">10<\/td>\n<td width=\"78\">20<\/td>\n<\/tr>\n<tr>\n<td width=\"39\">13<\/td>\n<td width=\"145\">Traktorit<\/td>\n<td width=\"64\">TR<\/td>\n<td width=\"64\"><strong>30<\/strong><\/td>\n<td width=\"64\"><\/td>\n<td width=\"64\"><\/td>\n<td width=\"78\"><\/td>\n<td width=\"78\"><\/td>\n<\/tr>\n<tr>\n<td width=\"39\">14<\/td>\n<td width=\"145\">Traktorien per\u00e4vaunut<\/td>\n<td width=\"64\">TH<\/td>\n<td width=\"64\"><strong>25<\/strong><\/td>\n<td width=\"64\"><\/td>\n<td width=\"64\"><\/td>\n<td width=\"78\"><\/td>\n<td width=\"78\"><\/td>\n<\/tr>\n<tr>\n<td width=\"39\"><\/td>\n<td colspan=\"7\" width=\"557\"><strong>Hintoihin sis\u00e4ltyy arvonlis\u00e4vero.<\/strong><\/td>\n<\/tr>\n<\/tbody>\n<\/table>\n[\/vc_column_text][vc_column_text]\n<table width=\"342\">\n<tbody>\n<tr>\n<td width=\"290\"><\/td>\n<td width=\"52\"><\/td>\n<\/tr>\n<tr>\n<td colspan=\"2\" width=\"342\"><strong>AJONEUVON TARKASTUS ILMAN KATSASTUSTA<\/strong><\/td>\n<\/tr>\n<tr>\n<td width=\"290\"><\/td>\n<td width=\"52\"><\/td>\n<\/tr>\n<tr>\n<td width=\"290\"><strong>Palvelun tyyppi<\/strong><\/td>\n<td width=\"52\"><strong>Hinta<\/strong><\/td>\n<\/tr>\n<tr>\n<td width=\"290\">P\u00e4\u00e4st\u00f6mittaus<\/td>\n<td width=\"52\">10<\/td>\n<\/tr>\n<tr>\n<td width=\"290\">Jarrujen tarkastus, 1 akseli<\/td>\n<td width=\"52\">10<\/td>\n<\/tr>\n<tr>\n<td width=\"290\">V\u00e4lysten tarkastus, 1 akseli<\/td>\n<td width=\"52\">10<\/td>\n<\/tr>\n<tr>\n<td width=\"290\">Ajoneuvon punnitus<\/td>\n<td width=\"52\">10<\/td>\n<\/tr>\n<tr>\n<td width=\"290\">Lasien l\u00e4pin\u00e4kyvyyden tarkastus<\/td>\n<td width=\"52\">5<\/td>\n<\/tr>\n<tr>\n<td width=\"290\">Valojen tarkastus<\/td>\n<td width=\"52\">3<\/td>\n<\/tr>\n<tr>\n<td width=\"290\">Valojen s\u00e4\u00e4t\u00f6 (jos mahdollista)<\/td>\n<td width=\"52\">5<\/td>\n<\/tr>\n<tr>\n<td width=\"290\"><strong>Hintoihin sis\u00e4ltyy arvonlis\u00e4vero.<\/strong><\/td>\n<td width=\"52\"><\/td>\n<\/tr>\n<\/tbody>\n<\/table>\n[\/vc_column_text][divider line_type=&#8221;Full Width Line&#8221; line_thickness=&#8221;1&#8243; divider_color=&#8221;default&#8221; custom_height=&#8221;1&#8243;][vc_column_text css=&#8221;.vc_custom_1706689210678{margin-top: 25px !important;}&#8221;]\n<ul>\n<li>Kerta-alennus invaliideille ja el\u00e4kel\u00e4isille \u2013 M1-luokan ajoneuvon katsastuksen hinta 40 EUR<\/li>\n<li>J\u00e4lkitarkastuksen hinta on 50 % hinnaston hinnasta. Toisesta ja seuraavasta j\u00e4lkitarkastuksesta laskutetaan hinnaston mukaan.<\/li>\n<li>J\u00e4lkitarkastuksen hinta silm\u00e4m\u00e4\u00e4r\u00e4isess\u00e4 tarkastuksessa laitteita k\u00e4ytt\u00e4m\u00e4tt\u00e4,<br \/>\nluokat N1, M1, O2, TR, TH \u2013 5 EUR<br \/>\nLuokat M2, M3, N2, N3, O3, O4 \u2013 10 EUR<\/li>\n<li>Ajoneuvolle suoritetun ja voimassa olevien katsastusasiakirjojen uudelleen laatimisen maksu on 5 EUR.<\/li>\n<li>Ylim\u00e4\u00e4r\u00e4isen katsastuksen tapauksessa suoritetaan t\u00e4ydellinen katsastus, josta tulee maksaa 100\u00a0% m\u00e4\u00e4r\u00e4aikaiskatsastuksen hinnasta.<\/li>\n<li>Erikoiskatsastus \u2013 taksi\/opetusajoneuvo \u2013 15 EUR<\/li>\n<li>Esikatsastus suoritetaan katsastushinnaston mukaan.<\/li>\n<li>Kansainv\u00e4linen S, Euro -katsastus liitteen\u00e4 O3, O4 \u2013 15 EUR<br \/>\nN2, N3 \u2013 20 EUR (uusi ajoneuvo)<\/li>\n<li>Asiakkaan toimitiloissa suoritetun katsastuksen hintaan lis\u00e4t\u00e4\u00e4n kertaluonteinen h\u00e4lytysmaksu 15 EUR + 0,5 EUR\/km riippumatta katsastettavien ajoneuvojen m\u00e4\u00e4r\u00e4st\u00e4.<\/li>\n<\/ul>\n[\/vc_column_text][\/vc_column][\/vc_row][vc_row type=&#8221;in_container&#8221; full_screen_row_position=&#8221;middle&#8221; scene_position=&#8221;center&#8221; text_color=&#8221;dark&#8221; text_align=&#8221;left&#8221; overlay_strength=&#8221;0.3&#8243; shape_divider_position=&#8221;bottom&#8221;][vc_column column_padding=&#8221;no-extra-padding&#8221; column_padding_position=&#8221;all&#8221; background_color_opacity=&#8221;1&#8243; background_hover_color_opacity=&#8221;1&#8243; column_link_target=&#8221;_self&#8221; column_shadow=&#8221;none&#8221; column_border_radius=&#8221;none&#8221; width=&#8221;1\/2&#8243; tablet_width_inherit=&#8221;default&#8221; tablet_text_alignment=&#8221;default&#8221; phone_text_alignment=&#8221;default&#8221; column_border_width=&#8221;none&#8221; column_border_style=&#8221;solid&#8221;][image_with_animation image_url=&#8221;14321&#8243; alignment=&#8221;&#8221; animation=&#8221;None&#8221; border_radius=&#8221;none&#8221; box_shadow=&#8221;none&#8221; max_width=&#8221;100%&#8221;][\/vc_column][vc_column column_padding=&#8221;no-extra-padding&#8221; column_padding_position=&#8221;all&#8221; background_color_opacity=&#8221;1&#8243; background_hover_color_opacity=&#8221;1&#8243; column_link_target=&#8221;_self&#8221; column_shadow=&#8221;none&#8221; column_border_radius=&#8221;none&#8221; width=&#8221;1\/2&#8243; tablet_width_inherit=&#8221;default&#8221; tablet_text_alignment=&#8221;default&#8221; phone_text_alignment=&#8221;default&#8221; column_border_width=&#8221;none&#8221; column_border_style=&#8221;solid&#8221;][image_with_animation image_url=&#8221;14708&#8243; alignment=&#8221;&#8221; animation=&#8221;None&#8221; border_radius=&#8221;none&#8221; box_shadow=&#8221;none&#8221; max_width=&#8221;100%&#8221;][\/vc_column][\/vc_row][vc_row type=&#8221;full_width_background&#8221; full_screen_row_position=&#8221;middle&#8221; scene_position=&#8221;center&#8221; text_color=&#8221;dark&#8221; text_align=&#8221;left&#8221; top_padding=&#8221;20&#8243; bottom_padding=&#8221;50&#8243; overlay_strength=&#8221;0.3&#8243; shape_divider_position=&#8221;bottom&#8221;][vc_column column_padding=&#8221;no-extra-padding&#8221; column_padding_position=&#8221;all&#8221; background_color_opacity=&#8221;1&#8243; background_hover_color_opacity=&#8221;1&#8243; column_link_target=&#8221;_self&#8221; column_shadow=&#8221;none&#8221; column_border_radius=&#8221;none&#8221; width=&#8221;1\/2&#8243; tablet_width_inherit=&#8221;default&#8221; tablet_text_alignment=&#8221;default&#8221; phone_text_alignment=&#8221;default&#8221; column_border_width=&#8221;none&#8221; column_border_style=&#8221;solid&#8221;][fancy_box box_style=&#8221;default&#8221; icon_family=&#8221;none&#8221; image_url=&#8221;14149&#8243; color=&#8221;Extra-Color-1&#8243; min_height=&#8221;100&#8243; link_url=&#8221;http:\/\/saue-auto.ee\/fi\/teenused\/&#8221; link_text=&#8221;KATSO LIS\u00c4\u00c4&#8221;]\n<h1>Palvelut<\/h1>\n<p>Saue Auto AS on perustettu 19.5.1994. Nyky\u00e4\u00e4n tarjoamme seuraavia palveluja:<br \/>\n\u2013 Kansainv\u00e4liset maantiekuljetukset<br \/>\n\u2013 Katsastukset<br \/>\n\u2013 Liiketilojen vuokraus[\/fancy_box][\/vc_column][vc_column column_padding=&#8221;no-extra-padding&#8221; column_padding_position=&#8221;all&#8221; background_color_opacity=&#8221;1&#8243; background_hover_color_opacity=&#8221;1&#8243; column_link_target=&#8221;_self&#8221; column_shadow=&#8221;none&#8221; column_border_radius=&#8221;none&#8221; width=&#8221;1\/2&#8243; tablet_width_inherit=&#8221;default&#8221; tablet_text_alignment=&#8221;default&#8221; phone_text_alignment=&#8221;default&#8221; column_border_width=&#8221;none&#8221; column_border_style=&#8221;solid&#8221;][fancy_box box_style=&#8221;default&#8221; icon_family=&#8221;none&#8221; image_url=&#8221;13933&#8243; color=&#8221;Extra-Color-1&#8243; min_height=&#8221;100&#8243; link_url=&#8221;http:\/\/saue-auto.ee\/fi\/kontakt\/&#8221; link_text=&#8221;KATSO LIS\u00c4\u00c4&#8221;]\n<h1>Yhteystiedot<\/h1>\n<p>Saue Auto AS<br \/>\nKaupparekisterinumero 10115980<br \/>\nTule 33, 76505 Saue, Viro<br \/>\nPuh. +372 610 5050<br \/>\nFaksi +372 610 5055<br \/>\nS\u00e4hk\u00f6posti &#x74;r&#x61;&#110;&#x73;&#112;o&#x72;t&#x40;&#115;&#x61;&#117;e&#x2d;&#97;&#x75;&#116;o&#x2e;e&#x65;[\/fancy_box][\/vc_column][\/vc_row]\n","protected":false},"excerpt":{"rendered":"<p>[vc_row type=&#8221;in_container&#8221; full_screen_row_position=&#8221;middle&#8221; scene_position=&#8221;center&#8221; text_color=&#8221;dark&#8221; text_align=&#8221;left&#8221; overlay_strength=&#8221;0.3&#8243; shape_divider_position=&#8221;bottom&#8221;][vc_column column_padding=&#8221;no-extra-padding&#8221; column_padding_position=&#8221;all&#8221; background_color=&#8221;#ffffff&#8221; background_color_opacity=&#8221;1&#8243; background_hover_color_opacity=&#8221;1&#8243; column_link_target=&#8221;_self&#8221; column_shadow=&#8221;none&#8221; column_border_radius=&#8221;none&#8221; width=&#8221;1\/2&#8243; tablet_width_inherit=&#8221;default&#8221; tablet_text_alignment=&#8221;default&#8221; phone_text_alignment=&#8221;default&#8221; column_border_width=&#8221;none&#8221; column_border_style=&#8221;solid&#8221;][vc_column_text css=&#8221;.vc_custom_1496148125867{padding-top: 20px !important;padding-right: 40px !important;padding-bottom: 7px !important;padding-left: 40px&#8230;<\/p>\n","protected":false},"author":3,"featured_media":0,"parent":0,"menu_order":0,"comment_status":"closed","ping_status":"closed","template":"","meta":{"footnotes":""},"class_list":["post-15060","page","type-page","status-publish"],"_links":{"self":[{"href":"https:\/\/saue-auto.ee\/fi\/wp-json\/wp\/v2\/pages\/15060","targetHints":{"allow":["GET"]}}],"collection":[{"href":"https:\/\/saue-auto.ee\/fi\/wp-json\/wp\/v2\/pages"}],"about":[{"href":"https:\/\/saue-auto.ee\/fi\/wp-json\/wp\/v2\/types\/page"}],"author":[{"embeddable":true,"href":"https:\/\/saue-auto.ee\/fi\/wp-json\/wp\/v2\/users\/3"}],"replies":[{"embeddable":true,"href":"https:\/\/saue-auto.ee\/fi\/wp-json\/wp\/v2\/comments?post=15060"}],"version-history":[{"count":20,"href":"https:\/\/saue-auto.ee\/fi\/wp-json\/wp\/v2\/pages\/15060\/revisions"}],"predecessor-version":[{"id":15657,"href":"https:\/\/saue-auto.ee\/fi\/wp-json\/wp\/v2\/pages\/15060\/revisions\/15657"}],"wp:attachment":[{"href":"https:\/\/saue-auto.ee\/fi\/wp-json\/wp\/v2\/media?parent=15060"}],"curies":[{"name":"wp","href":"https:\/\/api.w.org\/{rel}","templated":true}]}}