{"id":15072,"date":"2016-04-01T02:25:37","date_gmt":"2016-04-01T02:25:37","guid":{"rendered":"http:\/\/saue-auto.ee\/?page_id=15072"},"modified":"2016-07-04T19:57:31","modified_gmt":"2016-07-04T19:57:31","slug":"aripindade-rent","status":"publish","type":"page","link":"https:\/\/saue-auto.ee\/fi\/aripindade-rent\/","title":{"rendered":"Liiketilojen vuokraus"},"content":{"rendered":"[vc_row type=&#8221;in_container&#8221; scene_position=&#8221;center&#8221; text_color=&#8221;dark&#8221; text_align=&#8221;left&#8221; overlay_strength=&#8221;0.3&#8243;][vc_column column_padding=&#8221;no-extra-padding&#8221; column_padding_position=&#8221;all&#8221; background_color_opacity=&#8221;1&#8243; background_hover_color_opacity=&#8221;1&#8243; width=&#8221;1\/1&#8243;][vc_column_text]Annamme vuokralle eri kokoisia tuotanto-, varasto- ja toimistotiloja rakennuksessamme, joka sijaitsee osoitteessa Tule 33, 76505 Saue.<\/p>\n<p>Hallintop\u00e4\u00e4llikk\u00f6<br \/>\nElvi M\u00fc\u00fcrsepp<br \/>\nPuh. +372 5084 988<br \/>\nS\u00e4hk\u00f6posti <a href=\"&#109;&#x61;&#105;&#x6c;&#116;&#x6f;&#58;&#x65;&#108;&#x76;&#105;&#x40;&#115;&#x61;&#117;&#x65;&#45;&#x61;&#117;&#x74;&#111;&#x2e;&#101;&#x65;\">e&#108;&#118;&#x69;&#x40;&#x73;&#x61;u&#101;&#45;&#97;&#x75;&#x74;&#x6f;&#46;e&#101;<\/a><br \/>\nSaue Auto KV[\/vc_column_text][divider line_type=&#8221;No Line&#8221; custom_height=&#8221;20&#8243;][vc_gallery type=&#8221;image_grid&#8221; images=&#8221;14333,14353,14341,14349&#8243; layout=&#8221;4&#8243; gallery_style=&#8221;3&#8243; img_size=&#8221;600&#215;400&#8243;][\/vc_column][\/vc_row][vc_row type=&#8221;in_container&#8221; scene_position=&#8221;center&#8221; text_color=&#8221;dark&#8221; text_align=&#8221;left&#8221; overlay_strength=&#8221;0.3&#8243;][vc_column column_padding=&#8221;no-extra-padding&#8221; column_padding_position=&#8221;all&#8221; background_color_opacity=&#8221;1&#8243; background_hover_color_opacity=&#8221;1&#8243; width=&#8221;1\/1&#8243;][divider line_type=&#8221;Full Width Line&#8221; custom_height=&#8221;1&#8243;][\/vc_column][\/vc_row]\n","protected":false},"excerpt":{"rendered":"<p>[vc_row type=&#8221;in_container&#8221; scene_position=&#8221;center&#8221; text_color=&#8221;dark&#8221; text_align=&#8221;left&#8221; overlay_strength=&#8221;0.3&#8243;][vc_column column_padding=&#8221;no-extra-padding&#8221; column_padding_position=&#8221;all&#8221; background_color_opacity=&#8221;1&#8243; background_hover_color_opacity=&#8221;1&#8243; width=&#8221;1\/1&#8243;][vc_column_text]Annamme vuokralle eri kokoisia tuotanto-, varasto- ja toimistotiloja rakennuksessamme, joka sijaitsee osoitteessa Tule 33, 76505 Saue. Hallintop\u00e4\u00e4llikk\u00f6 Elvi M\u00fc\u00fcrsepp Puh&#8230;.<\/p>\n","protected":false},"author":3,"featured_media":0,"parent":0,"menu_order":0,"comment_status":"closed","ping_status":"closed","template":"","meta":{"footnotes":""},"class_list":["post-15072","page","type-page","status-publish"],"_links":{"self":[{"href":"https:\/\/saue-auto.ee\/fi\/wp-json\/wp\/v2\/pages\/15072","targetHints":{"allow":["GET"]}}],"collection":[{"href":"https:\/\/saue-auto.ee\/fi\/wp-json\/wp\/v2\/pages"}],"about":[{"href":"https:\/\/saue-auto.ee\/fi\/wp-json\/wp\/v2\/types\/page"}],"author":[{"embeddable":true,"href":"https:\/\/saue-auto.ee\/fi\/wp-json\/wp\/v2\/users\/3"}],"replies":[{"embeddable":true,"href":"https:\/\/saue-auto.ee\/fi\/wp-json\/wp\/v2\/comments?post=15072"}],"version-history":[{"count":4,"href":"https:\/\/saue-auto.ee\/fi\/wp-json\/wp\/v2\/pages\/15072\/revisions"}],"predecessor-version":[{"id":15207,"href":"https:\/\/saue-auto.ee\/fi\/wp-json\/wp\/v2\/pages\/15072\/revisions\/15207"}],"wp:attachment":[{"href":"https:\/\/saue-auto.ee\/fi\/wp-json\/wp\/v2\/media?parent=15072"}],"curies":[{"name":"wp","href":"https:\/\/api.w.org\/{rel}","templated":true}]}}