{"id":15730,"date":"2024-11-12T13:11:40","date_gmt":"2024-11-12T10:11:40","guid":{"rendered":"https:\/\/saue-auto.ee\/katastukset\/"},"modified":"2024-11-12T21:50:39","modified_gmt":"2024-11-12T18:50:39","slug":"katastukset","status":"publish","type":"page","link":"https:\/\/saue-auto.ee\/fi\/katastukset\/","title":{"rendered":"Katastukset"},"content":{"rendered":"[vc_row type=&#8221;in_container&#8221; full_screen_row_position=&#8221;middle&#8221; column_margin=&#8221;default&#8221; column_direction=&#8221;default&#8221; column_direction_tablet=&#8221;default&#8221; column_direction_phone=&#8221;default&#8221; scene_position=&#8221;center&#8221; text_color=&#8221;dark&#8221; text_align=&#8221;left&#8221; row_border_radius=&#8221;none&#8221; row_border_radius_applies=&#8221;bg&#8221; overflow=&#8221;visible&#8221; overlay_strength=&#8221;0.3&#8243; gradient_direction=&#8221;left_to_right&#8221; shape_divider_position=&#8221;bottom&#8221; bg_image_animation=&#8221;none&#8221;][vc_column column_padding=&#8221;no-extra-padding&#8221; column_padding_tablet=&#8221;inherit&#8221; column_padding_phone=&#8221;inherit&#8221; column_padding_position=&#8221;all&#8221; column_element_direction_desktop=&#8221;default&#8221; column_element_spacing=&#8221;default&#8221; desktop_text_alignment=&#8221;default&#8221; tablet_text_alignment=&#8221;default&#8221; phone_text_alignment=&#8221;default&#8221; background_color=&#8221;#ffffff&#8221; background_color_opacity=&#8221;1&#8243; background_hover_color_opacity=&#8221;1&#8243; column_backdrop_filter=&#8221;none&#8221; column_shadow=&#8221;none&#8221; column_border_radius=&#8221;none&#8221; column_link_target=&#8221;_self&#8221; column_position=&#8221;default&#8221; gradient_direction=&#8221;left_to_right&#8221; overlay_strength=&#8221;0.3&#8243; width=&#8221;1\/2&#8243; tablet_width_inherit=&#8221;default&#8221; animation_type=&#8221;default&#8221; bg_image_animation=&#8221;none&#8221; border_type=&#8221;simple&#8221; column_border_width=&#8221;none&#8221; column_border_style=&#8221;solid&#8221; column_padding_type=&#8221;default&#8221; gradient_type=&#8221;default&#8221;][vc_column_text css=&#8221;.vc_custom_1729757834298{padding-top: 20px !important;padding-right: 40px !important;padding-bottom: 7px !important;padding-left: 40px !important;border-radius: 2px !important;}&#8221; text_direction=&#8221;default&#8221;]<span style=\"color: #333333;\"><span style=\"font-size: 18pt;\">Hei k\u00e4vij\u00e4t!<br \/>\n<\/span><\/span><\/p>\n<p><span style=\"color: #333333;\"><span style=\"font-size: 18pt;\">Palvelu vain live-j\u00e4rjestyksess\u00e4!<\/span><\/span><\/p>\n<p>&nbsp;<\/p>\n<p><span style=\"color: #333333;\"><strong><span style=\"font-size: 18pt;\">Olemme avoinna:<\/span><\/strong><\/span><\/p>\n<p><span style=\"color: #333333;\"><span style=\"font-size: 18pt;\">Maanantaista perjantaihin klo 09:00-18:00<br \/>\nLauantaina klo 09:00-14:00<br \/>\nOlemme suljettuna sunnuntaisin.<\/span><\/span><\/p>\n<p>&nbsp;<\/p>\n<p>&nbsp;<\/p>\n<p><strong>Puh: +372 610 5056<\/strong><br \/>\n<strong>S\u00e4hk\u00f6posti:\u00a0<a href=\"&#109;a&#x69;l&#x74;o&#x3a;y&#x6c;&#101;&#x76;&#97;&#x61;&#116;&#x75;&#115;&#64;&#115;a&#x75;e&#x2d;a&#x75;&#116;&#x6f;&#46;&#x65;&#101;\">&#121;&#x6c;&#x65;v&#97;&#x61;&#x74;u&#115;&#x40;s&#97;&#x75;&#x65;-&#97;&#x75;t&#111;&#x2e;&#x65;e<\/a><\/strong><\/p>\n<p>&nbsp;<\/p>\n<p><strong><br \/>\n<img loading=\"lazy\" decoding=\"async\" class=\"alignnone size-full wp-image-14664\" src=\"https:\/\/saue-auto.ee\/wp-content\/uploads\/2015\/12\/T\u00dcL-copy_2.png\" alt=\"T\u00dcL copy_2\" width=\"302\" height=\"70\" srcset=\"https:\/\/saue-auto.ee\/wp-content\/uploads\/2015\/12\/T\u00dcL-copy_2.png 302w, https:\/\/saue-auto.ee\/wp-content\/uploads\/2015\/12\/T\u00dcL-copy_2-300x70.png 300w\" sizes=\"auto, (max-width: 302px) 100vw, 302px\" \/><\/strong>[\/vc_column_text][\/vc_column][vc_column column_padding=&#8221;no-extra-padding&#8221; column_padding_tablet=&#8221;inherit&#8221; column_padding_phone=&#8221;inherit&#8221; column_padding_position=&#8221;all&#8221; column_element_direction_desktop=&#8221;default&#8221; column_element_spacing=&#8221;default&#8221; desktop_text_alignment=&#8221;default&#8221; tablet_text_alignment=&#8221;default&#8221; phone_text_alignment=&#8221;default&#8221; background_color_opacity=&#8221;1&#8243; background_hover_color_opacity=&#8221;1&#8243; column_backdrop_filter=&#8221;none&#8221; column_shadow=&#8221;none&#8221; column_border_radius=&#8221;none&#8221; column_link_target=&#8221;_self&#8221; column_position=&#8221;default&#8221; gradient_direction=&#8221;left_to_right&#8221; overlay_strength=&#8221;0.3&#8243; width=&#8221;1\/2&#8243; tablet_width_inherit=&#8221;default&#8221; animation_type=&#8221;default&#8221; bg_image_animation=&#8221;none&#8221; border_type=&#8221;simple&#8221; column_border_width=&#8221;none&#8221; column_border_style=&#8221;solid&#8221;][vc_column_text css=&#8221;&#8221; text_direction=&#8221;default&#8221;]<a href=\"https:\/\/saue-auto.ee\/wp-content\/uploads\/2015\/12\/\u00fclevaatus2-copy-203x300.png\" rel=\"attachment wp-att-14787\"><img loading=\"lazy\" decoding=\"async\" class=\"alignleft size-medium wp-image-14787\" src=\"https:\/\/saue-auto.ee\/wp-content\/uploads\/2015\/12\/\u00fclevaatus2-copy-203x300.png\" alt=\"\u00fclevaatus2 copy\" width=\"203\" height=\"300\" srcset=\"https:\/\/saue-auto.ee\/wp-content\/uploads\/2015\/12\/\u00fclevaatus2-copy-203x300.png 203w, https:\/\/saue-auto.ee\/wp-content\/uploads\/2015\/12\/\u00fclevaatus2-copy-768x1136.png 768w, https:\/\/saue-auto.ee\/wp-content\/uploads\/2015\/12\/\u00fclevaatus2-copy-697x1030.png 697w, https:\/\/saue-auto.ee\/wp-content\/uploads\/2015\/12\/\u00fclevaatus2-copy.png 1247w\" sizes=\"auto, (max-width: 203px) 100vw, 203px\" \/><\/a>[\/vc_column_text][\/vc_column][\/vc_row][vc_row type=&#8221;in_container&#8221; full_screen_row_position=&#8221;middle&#8221; column_margin=&#8221;default&#8221; column_direction=&#8221;default&#8221; column_direction_tablet=&#8221;default&#8221; column_direction_phone=&#8221;default&#8221; scene_position=&#8221;center&#8221; text_color=&#8221;dark&#8221; text_align=&#8221;left&#8221; row_border_radius=&#8221;none&#8221; row_border_radius_applies=&#8221;bg&#8221; overflow=&#8221;visible&#8221; overlay_strength=&#8221;0.3&#8243; gradient_direction=&#8221;left_to_right&#8221; shape_divider_position=&#8221;bottom&#8221; bg_image_animation=&#8221;none&#8221; css_animation=&#8221;&#8221; css=&#8221;&#8221; text_direction=&#8221;default&#8221; el_id=&#8221;&#8221; el_class=&#8221;&#8221; max_width=&#8221;&#8221;][vc_column column_padding=&#8221;no-extra-padding&#8221; column_padding_tablet=&#8221;inherit&#8221; column_padding_phone=&#8221;inherit&#8221; column_padding_position=&#8221;all&#8221; column_element_direction_desktop=&#8221;default&#8221; column_element_spacing=&#8221;default&#8221; desktop_text_alignment=&#8221;default&#8221; tablet_text_alignment=&#8221;default&#8221; phone_text_alignment=&#8221;default&#8221; background_color_opacity=&#8221;1&#8243; background_hover_color_opacity=&#8221;1&#8243; column_backdrop_filter=&#8221;none&#8221; column_shadow=&#8221;none&#8221; column_border_radius=&#8221;none&#8221; column_link_target=&#8221;_self&#8221; column_position=&#8221;default&#8221; gradient_direction=&#8221;left_to_right&#8221; overlay_strength=&#8221;0.3&#8243; width=&#8221;1\/1&#8243; tablet_width_inherit=&#8221;default&#8221; animation_type=&#8221;default&#8221; bg_image_animation=&#8221;none&#8221; border_type=&#8221;simple&#8221; column_border_width=&#8221;none&#8221; column_border_style=&#8221;solid&#8221;][vc_column_text css=&#8221;&#8221; text_direction=&#8221;default&#8221;]\n<table>\n<tbody>\n<tr>\n<td colspan=\"5\" width=\"596\"><strong>TEKNINEN KATSASTUS HINNASTO ALKAEN 01.11.2024<\/strong><\/td>\n<\/tr>\n<tr>\n<td width=\"39\"><strong>Jnro<\/strong><\/td>\n<td width=\"145\"><strong>Ajoneuvon nimitys<br \/>\n<\/strong><\/td>\n<td width=\"64\"><strong>Ajoneuvon luokka<br \/>\n<\/strong><\/td>\n<td width=\"64\"><strong>Hinta<\/strong><\/td>\n<td width=\"64\"><strong>Kolmannelta sillalta, jokainen seuraava silta<\/strong><\/td>\n<\/tr>\n<tr>\n<td width=\"39\">1<\/td>\n<td width=\"145\">Moottoripy\u00f6r\u00e4t<\/td>\n<td width=\"64\">L<\/td>\n<td width=\"64\"><strong>30<\/strong><\/td>\n<td width=\"64\"><\/td>\n<\/tr>\n<tr>\n<td width=\"39\">2<\/td>\n<td width=\"145\">Henkil\u00f6autot<\/td>\n<td width=\"64\">M1<\/td>\n<td width=\"64\"><strong>50<\/strong><\/td>\n<td width=\"64\"><\/td>\n<\/tr>\n<tr>\n<td width=\"39\">3<\/td>\n<td width=\"145\">Henkil\u00f6autot (s\u00e4hk\u00f6\u00e4)<\/td>\n<td width=\"64\">M1<\/td>\n<td width=\"64\"><strong>40<\/strong><\/td>\n<td width=\"64\"><\/td>\n<\/tr>\n<tr>\n<td width=\"39\">4<\/td>\n<td width=\"145\">Pakettiauto<\/td>\n<td width=\"64\">N1<\/td>\n<td width=\"64\"><strong>55<\/strong><\/td>\n<td width=\"64\"><\/td>\n<\/tr>\n<tr>\n<td width=\"39\">5<\/td>\n<td width=\"145\">Kuorma-auto<\/td>\n<td width=\"64\">N2<\/td>\n<td width=\"64\"><strong>60<\/strong><\/td>\n<td width=\"64\"><\/td>\n<\/tr>\n<tr>\n<td width=\"39\">6<\/td>\n<td width=\"145\">Kuorma-auto<\/td>\n<td width=\"64\">N3<\/td>\n<td width=\"64\"><strong>70<\/strong><\/td>\n<td width=\"64\"><strong>5<\/strong><\/td>\n<\/tr>\n<tr>\n<td width=\"39\">7<\/td>\n<td width=\"145\">Pikkubussi<\/td>\n<td width=\"64\">M2<\/td>\n<td width=\"64\"><strong>65<\/strong><\/td>\n<td width=\"64\"><\/td>\n<\/tr>\n<tr>\n<td width=\"39\">8<\/td>\n<td width=\"145\">Bussi<\/td>\n<td width=\"64\">M3<\/td>\n<td width=\"64\"><strong>70<\/strong><\/td>\n<td width=\"64\"><strong>5<\/strong><\/td>\n<\/tr>\n<tr>\n<td width=\"39\">9<\/td>\n<td width=\"145\">Kevyt traileri<\/td>\n<td width=\"64\">O1<\/td>\n<td width=\"64\"><strong>20<\/strong><\/td>\n<td width=\"64\"><\/td>\n<\/tr>\n<tr>\n<td width=\"39\">10<\/td>\n<td width=\"145\">Traileri<\/td>\n<td width=\"64\">O2<\/td>\n<td width=\"64\"><strong>30<\/strong><\/td>\n<td width=\"64\"><\/td>\n<\/tr>\n<tr>\n<td width=\"39\">11<\/td>\n<td width=\"145\">Iso traileri<\/td>\n<td width=\"64\">O3<\/td>\n<td width=\"64\"><strong>45<\/strong><\/td>\n<td width=\"64\"><\/td>\n<\/tr>\n<tr>\n<td width=\"39\">12<\/td>\n<td width=\"145\">Iso traileri<\/td>\n<td width=\"64\">O4<\/td>\n<td width=\"64\"><strong>50<\/strong><\/td>\n<td width=\"64\"><\/td>\n<\/tr>\n<tr>\n<td width=\"39\">13<\/td>\n<td width=\"145\">Traktori, liikkuva kone<\/td>\n<td width=\"64\">TR LM<\/td>\n<td width=\"64\"><strong>35<\/strong><\/td>\n<td width=\"64\"><\/td>\n<\/tr>\n<tr>\n<td width=\"39\">14<\/td>\n<td width=\"145\">Traktorin per\u00e4vaunu<\/td>\n<td width=\"64\">TH<\/td>\n<td width=\"64\"><strong>25<\/strong><\/td>\n<td width=\"64\"><\/td>\n<\/tr>\n<\/tbody>\n<\/table>\n<p>&nbsp;<br \/>\n[\/vc_column_text][vc_column_text css=&#8221;&#8221; text_direction=&#8221;default&#8221;]\n<table>\n<thead>\n<tr>\n<th colspan=\"2\"><\/th>\n<th style=\"text-align: left;\">Hinta<\/th>\n<th>Laitteen k\u00e4ytt\u00f6<\/th>\n<\/tr>\n<\/thead>\n<tbody>\n<tr>\n<td>1<\/td>\n<td>Alennus el\u00e4kel\u00e4isille (vain M1-luokka)<\/td>\n<td><strong>40<\/strong><\/td>\n<td><\/td>\n<\/tr>\n<tr>\n<td>2<\/td>\n<td>Henkil\u00f6auton uusintakatsastuksen hinta (ilmainen samana p\u00e4iv\u00e4n\u00e4)<\/td>\n<td><strong>5<\/strong><\/td>\n<td><strong>5<\/strong><\/td>\n<\/tr>\n<tr>\n<td>3<\/td>\n<td>Uudelleenkatsastuksen hinta kuorma-autolle (ilmainen samana p\u00e4iv\u00e4n\u00e4)<\/td>\n<td><strong>10<\/strong><\/td>\n<td><strong>5<\/strong><\/td>\n<\/tr>\n<tr>\n<td>4<\/td>\n<td>H\u00e4t\u00e4tarkastus suoritetaan kokonaisuudessaan<\/td>\n<td><strong>Koko arvosteluhinta<\/strong><\/td>\n<td><\/td>\n<\/tr>\n<\/tbody>\n<tfoot>\n<tr>\n<td>5<\/td>\n<td>Erikoistarkastus: taksi\/koulutusajoneuvo<\/td>\n<td><strong>15<\/strong><\/td>\n<td><\/td>\n<\/tr>\n<tr>\n<td>6<\/td>\n<td>Kansainv\u00e4linen tarkistus\/laajennus<\/td>\n<td><strong>10<\/strong><\/td>\n<td><\/td>\n<\/tr>\n<tr>\n<td colspan=\"2\"><strong>AJONEUVON TEKNINEN TARKASTUS ILMAN TARKASTUSTA<\/strong><\/td>\n<td><\/td>\n<td><\/td>\n<\/tr>\n<tr>\n<td colspan=\"2\">P\u00e4\u00e4st\u00f6mittaus<\/td>\n<td><strong>\u00a015<\/strong><\/td>\n<td><\/td>\n<\/tr>\n<tr>\n<td colspan=\"2\">Jarrujen tarkastus (1 akseli)<\/td>\n<td>\u00a0<strong>15<\/strong><\/td>\n<td><\/td>\n<\/tr>\n<tr>\n<td colspan=\"2\">V\u00e4lysten tarkastus (1 akseli)<\/td>\n<td>\u00a0<strong>15<\/strong><\/td>\n<td><\/td>\n<\/tr>\n<tr>\n<td colspan=\"2\">Lasin l\u00e4pin\u00e4kyvyyden tarkistaminen<\/td>\n<td>\u00a0<strong>5<\/strong><\/td>\n<td><\/td>\n<\/tr>\n<tr>\n<td colspan=\"2\">Valojen korkeuden tarkistus (jos mahdollista my\u00f6s s\u00e4\u00e4t\u00f6)<\/td>\n<td>\u00a0<strong>5<\/strong><\/td>\n<td><\/td>\n<\/tr>\n<tr>\n<td colspan=\"2\">Tekninen katsastus ennen ostoa\/katsastusta<\/td>\n<td>\u00a0<strong>40<\/strong><\/td>\n<td><\/td>\n<\/tr>\n<tr>\n<td colspan=\"2\"><strong>Hintoihin sis\u00e4ltyy arvonlis\u00e4vero.<\/strong><\/td>\n<td><\/td>\n<td><\/td>\n<\/tr>\n<\/tfoot>\n<\/table>\n<p>&nbsp;<br \/>\n[\/vc_column_text][\/vc_column][\/vc_row][vc_row type=&#8221;in_container&#8221; full_screen_row_position=&#8221;middle&#8221; column_margin=&#8221;default&#8221; column_direction=&#8221;default&#8221; column_direction_tablet=&#8221;default&#8221; column_direction_phone=&#8221;default&#8221; scene_position=&#8221;center&#8221; text_color=&#8221;dark&#8221; text_align=&#8221;left&#8221; row_border_radius=&#8221;none&#8221; row_border_radius_applies=&#8221;bg&#8221; overflow=&#8221;visible&#8221; overlay_strength=&#8221;0.3&#8243; gradient_direction=&#8221;left_to_right&#8221; shape_divider_position=&#8221;bottom&#8221; bg_image_animation=&#8221;none&#8221;][vc_column column_padding=&#8221;no-extra-padding&#8221; column_padding_tablet=&#8221;inherit&#8221; column_padding_phone=&#8221;inherit&#8221; column_padding_position=&#8221;all&#8221; column_element_direction_desktop=&#8221;default&#8221; column_element_spacing=&#8221;default&#8221; desktop_text_alignment=&#8221;default&#8221; tablet_text_alignment=&#8221;default&#8221; phone_text_alignment=&#8221;default&#8221; background_color_opacity=&#8221;1&#8243; background_hover_color_opacity=&#8221;1&#8243; column_backdrop_filter=&#8221;none&#8221; column_shadow=&#8221;none&#8221; column_border_radius=&#8221;none&#8221; column_link_target=&#8221;_self&#8221; column_position=&#8221;default&#8221; gradient_direction=&#8221;left_to_right&#8221; overlay_strength=&#8221;0.3&#8243; width=&#8221;1\/2&#8243; tablet_width_inherit=&#8221;default&#8221; animation_type=&#8221;default&#8221; bg_image_animation=&#8221;none&#8221; border_type=&#8221;simple&#8221; column_border_width=&#8221;none&#8221; column_border_style=&#8221;solid&#8221;][image_with_animation image_url=&#8221;14321&#8243; image_size=&#8221;full&#8221; animation_type=&#8221;entrance&#8221; animation=&#8221;None&#8221; animation_movement_type=&#8221;transform_y&#8221; hover_animation=&#8221;none&#8221; alignment=&#8221;&#8221; border_radius=&#8221;none&#8221; box_shadow=&#8221;none&#8221; image_loading=&#8221;default&#8221; max_width=&#8221;100%&#8221; max_width_mobile=&#8221;default&#8221;][\/vc_column][vc_column column_padding=&#8221;no-extra-padding&#8221; column_padding_tablet=&#8221;inherit&#8221; column_padding_phone=&#8221;inherit&#8221; column_padding_position=&#8221;all&#8221; column_element_direction_desktop=&#8221;default&#8221; column_element_spacing=&#8221;default&#8221; desktop_text_alignment=&#8221;default&#8221; tablet_text_alignment=&#8221;default&#8221; phone_text_alignment=&#8221;default&#8221; background_color_opacity=&#8221;1&#8243; background_hover_color_opacity=&#8221;1&#8243; column_backdrop_filter=&#8221;none&#8221; column_shadow=&#8221;none&#8221; column_border_radius=&#8221;none&#8221; column_link_target=&#8221;_self&#8221; column_position=&#8221;default&#8221; gradient_direction=&#8221;left_to_right&#8221; overlay_strength=&#8221;0.3&#8243; width=&#8221;1\/2&#8243; tablet_width_inherit=&#8221;default&#8221; animation_type=&#8221;default&#8221; bg_image_animation=&#8221;none&#8221; border_type=&#8221;simple&#8221; column_border_width=&#8221;none&#8221; column_border_style=&#8221;solid&#8221;][image_with_animation image_url=&#8221;14708&#8243; image_size=&#8221;full&#8221; animation_type=&#8221;entrance&#8221; animation=&#8221;None&#8221; animation_movement_type=&#8221;transform_y&#8221; hover_animation=&#8221;none&#8221; alignment=&#8221;&#8221; border_radius=&#8221;none&#8221; box_shadow=&#8221;none&#8221; image_loading=&#8221;default&#8221; max_width=&#8221;100%&#8221; max_width_mobile=&#8221;default&#8221;][\/vc_column][\/vc_row][vc_row type=&#8221;full_width_background&#8221; full_screen_row_position=&#8221;middle&#8221; column_margin=&#8221;default&#8221; column_direction=&#8221;default&#8221; column_direction_tablet=&#8221;default&#8221; column_direction_phone=&#8221;default&#8221; scene_position=&#8221;center&#8221; top_padding=&#8221;20&#8243; bottom_padding=&#8221;50&#8243; text_color=&#8221;dark&#8221; text_align=&#8221;left&#8221; row_border_radius=&#8221;none&#8221; row_border_radius_applies=&#8221;bg&#8221; overflow=&#8221;visible&#8221; overlay_strength=&#8221;0.3&#8243; gradient_direction=&#8221;left_to_right&#8221; shape_divider_position=&#8221;bottom&#8221; bg_image_animation=&#8221;none&#8221;][vc_column column_padding=&#8221;no-extra-padding&#8221; column_padding_tablet=&#8221;inherit&#8221; column_padding_phone=&#8221;inherit&#8221; column_padding_position=&#8221;all&#8221; column_element_direction_desktop=&#8221;default&#8221; column_element_spacing=&#8221;default&#8221; desktop_text_alignment=&#8221;default&#8221; tablet_text_alignment=&#8221;default&#8221; phone_text_alignment=&#8221;default&#8221; background_color_opacity=&#8221;1&#8243; background_hover_color_opacity=&#8221;1&#8243; column_backdrop_filter=&#8221;none&#8221; column_shadow=&#8221;none&#8221; column_border_radius=&#8221;none&#8221; column_link_target=&#8221;_self&#8221; column_position=&#8221;default&#8221; gradient_direction=&#8221;left_to_right&#8221; overlay_strength=&#8221;0.3&#8243; width=&#8221;1\/2&#8243; tablet_width_inherit=&#8221;default&#8221; animation_type=&#8221;default&#8221; bg_image_animation=&#8221;none&#8221; border_type=&#8221;simple&#8221; column_border_width=&#8221;none&#8221; column_border_style=&#8221;solid&#8221;][fancy_box box_style=&#8221;default&#8221; icon_family=&#8221;none&#8221; image_url=&#8221;14149&#8243; color=&#8221;Extra-Color-1&#8243; border_radius=&#8221;default&#8221; image_loading=&#8221;default&#8221; min_height=&#8221;100&#8243; link_url=&#8221;http:\/\/saue-auto.ee\/fi\/teenused\/&#8221; link_text=&#8221;Katso lis\u00e4\u00e4&#8221;]\n<h1>Palvelut<\/h1>\n<p>Saue Auto AS on perustettu 19.5.1994. Nyky\u00e4\u00e4n tarjoamme seuraavia palveluja:<br \/>\n\u2013 Kansainv\u00e4liset maantiekuljetukset<br \/>\n\u2013 Katsastukset<br \/>\n\u2013 Liiketilojen vuokraus[\/fancy_box][\/vc_column][vc_column column_padding=&#8221;no-extra-padding&#8221; column_padding_tablet=&#8221;inherit&#8221; column_padding_phone=&#8221;inherit&#8221; column_padding_position=&#8221;all&#8221; column_element_direction_desktop=&#8221;default&#8221; column_element_spacing=&#8221;default&#8221; desktop_text_alignment=&#8221;default&#8221; tablet_text_alignment=&#8221;default&#8221; phone_text_alignment=&#8221;default&#8221; background_color_opacity=&#8221;1&#8243; background_hover_color_opacity=&#8221;1&#8243; column_backdrop_filter=&#8221;none&#8221; column_shadow=&#8221;none&#8221; column_border_radius=&#8221;none&#8221; column_link_target=&#8221;_self&#8221; column_position=&#8221;default&#8221; gradient_direction=&#8221;left_to_right&#8221; overlay_strength=&#8221;0.3&#8243; width=&#8221;1\/2&#8243; tablet_width_inherit=&#8221;default&#8221; animation_type=&#8221;default&#8221; bg_image_animation=&#8221;none&#8221; border_type=&#8221;simple&#8221; column_border_width=&#8221;none&#8221; column_border_style=&#8221;solid&#8221;][fancy_box box_style=&#8221;default&#8221; icon_family=&#8221;none&#8221; image_url=&#8221;13933&#8243; color=&#8221;Extra-Color-1&#8243; border_radius=&#8221;default&#8221; image_loading=&#8221;default&#8221; min_height=&#8221;100&#8243; link_url=&#8221;http:\/\/saue-auto.ee\/fi\/kontakt\/&#8221; link_text=&#8221;Katso lis\u00e4\u00e4&#8221;]\n<h1>Yhteystiedot<\/h1>\n<p>Saue Auto AS<br \/>\nKaupparekisterinumero 10115980<br \/>\nTule 33, 76505 Saue, Viro<br \/>\nPuh. +372 610 5050<br \/>\nFaksi +372 610 5055<br \/>\nS\u00e4hk\u00f6posti &#116;&#x72;&#97;&#x6e;s&#112;&#x6f;&#114;&#x74;&#64;&#x73;a&#117;&#x65;&#45;&#x61;u&#x74;&#x6f;&#46;&#x65;e[\/fancy_box][\/vc_column][\/vc_row]\n","protected":false},"excerpt":{"rendered":"<p>[vc_row type=&#8221;in_container&#8221; full_screen_row_position=&#8221;middle&#8221; column_margin=&#8221;default&#8221; column_direction=&#8221;default&#8221; column_direction_tablet=&#8221;default&#8221; column_direction_phone=&#8221;default&#8221; scene_position=&#8221;center&#8221; text_color=&#8221;dark&#8221; text_align=&#8221;left&#8221; row_border_radius=&#8221;none&#8221; row_border_radius_applies=&#8221;bg&#8221; overflow=&#8221;visible&#8221; overlay_strength=&#8221;0.3&#8243; gradient_direction=&#8221;left_to_right&#8221; shape_divider_position=&#8221;bottom&#8221; bg_image_animation=&#8221;none&#8221;][vc_column column_padding=&#8221;no-extra-padding&#8221; column_padding_tablet=&#8221;inherit&#8221; column_padding_phone=&#8221;inherit&#8221; column_padding_position=&#8221;all&#8221; column_element_direction_desktop=&#8221;default&#8221; column_element_spacing=&#8221;default&#8221; desktop_text_alignment=&#8221;default&#8221; tablet_text_alignment=&#8221;default&#8221; phone_text_alignment=&#8221;default&#8221; background_color=&#8221;#ffffff&#8221; background_color_opacity=&#8221;1&#8243; background_hover_color_opacity=&#8221;1&#8243; column_backdrop_filter=&#8221;none&#8221;&#8230;<\/p>\n","protected":false},"author":3,"featured_media":0,"parent":0,"menu_order":0,"comment_status":"closed","ping_status":"closed","template":"","meta":{"footnotes":""},"class_list":["post-15730","page","type-page","status-publish"],"_links":{"self":[{"href":"https:\/\/saue-auto.ee\/fi\/wp-json\/wp\/v2\/pages\/15730","targetHints":{"allow":["GET"]}}],"collection":[{"href":"https:\/\/saue-auto.ee\/fi\/wp-json\/wp\/v2\/pages"}],"about":[{"href":"https:\/\/saue-auto.ee\/fi\/wp-json\/wp\/v2\/types\/page"}],"author":[{"embeddable":true,"href":"https:\/\/saue-auto.ee\/fi\/wp-json\/wp\/v2\/users\/3"}],"replies":[{"embeddable":true,"href":"https:\/\/saue-auto.ee\/fi\/wp-json\/wp\/v2\/comments?post=15730"}],"version-history":[{"count":9,"href":"https:\/\/saue-auto.ee\/fi\/wp-json\/wp\/v2\/pages\/15730\/revisions"}],"predecessor-version":[{"id":15777,"href":"https:\/\/saue-auto.ee\/fi\/wp-json\/wp\/v2\/pages\/15730\/revisions\/15777"}],"wp:attachment":[{"href":"https:\/\/saue-auto.ee\/fi\/wp-json\/wp\/v2\/media?parent=15730"}],"curies":[{"name":"wp","href":"https:\/\/api.w.org\/{rel}","templated":true}]}}