{"id":15088,"date":"2015-12-30T15:36:57","date_gmt":"2015-12-30T15:36:57","guid":{"rendered":"http:\/\/saue-auto.ee\/?page_id=15088"},"modified":"2022-06-01T14:08:57","modified_gmt":"2022-06-01T11:08:57","slug":"ettevottest","status":"publish","type":"page","link":"https:\/\/saue-auto.ee\/nb\/ettevottest\/","title":{"rendered":"Om bedriften"},"content":{"rendered":"[vc_row type=&raquo;in_container&raquo; full_screen_row_position=&raquo;middle&raquo; scene_position=&raquo;center&raquo; text_color=&raquo;dark&raquo; text_align=&raquo;left&raquo; overlay_strength=&raquo;0.3&#8243; shape_divider_position=&raquo;bottom&raquo;][vc_column column_padding=&raquo;no-extra-padding&raquo; column_padding_position=&raquo;all&raquo; background_color_opacity=&raquo;1&#8243; background_hover_color_opacity=&raquo;1&#8243; column_link_target=&raquo;_self&raquo; column_shadow=&raquo;none&raquo; column_border_radius=&raquo;none&raquo; width=&raquo;1\/1&#8243; tablet_width_inherit=&raquo;default&raquo; tablet_text_alignment=&raquo;default&raquo; phone_text_alignment=&raquo;default&raquo; column_border_width=&raquo;none&raquo; column_border_style=&raquo;solid&raquo;][vc_column_text]<strong>Saue Auto AS <\/strong>\u00a0ble etablert 19.mai 1994. Firmaet startet som et datterselskap til konstruksjonsgruppen AS Merko Ehitus. V\u00e5rt f\u00f8rste hovedprosjekt engasjerte oss i spedisjon av konstruksjonsdetaljer fra Finland, til konstruksjonen av Hansapank (n\u00e5 Swedbank) hovedkvarter, bygget av Merko. I starten fraktet vi fra Finland til Russland, men etter kort tid ekspanderte vi v\u00e5re destinasjoner til Tyskland, Nederland og andre vest europeiske land samt de nordiske landene.<\/p>\n<p><strong>Siden 2004<\/strong> har vi drevet som en selvstendig bedrift. I dag er Saue Auto AS et fullverdig estisk privateid transportselskap.\u00a0 <strong>Internasjonal landeveistransport <\/strong>\u00a0forblir v\u00e5r kjernevirksomhet.\u00a0 Vi frakter til de nordiske landene og de fleste europeiske landene. Med mer enn 20 \u00e5rs drift har vi opparbeidet bred kunnskap og erfaring, slik at vi kan tilby v\u00e5re kunder det de trenger, og enda litt mer.<\/p>\n<p>V\u00e5re vogntog best\u00e5r av <strong>mer enn 65 lastebiler<\/strong> \u2013\u00a0 nedkj\u00f8lte tilhengere, kapell, jumbokapell.<\/p>\n<p>Alle v\u00e5re lastebiler er utstyrt med moderne <strong>GPS sporingsteknologi<\/strong>, som tillater oss \u00e5 vite den n\u00f8yaktige posisjonen til hver lastebil og som tillater smidig kommunikasjon mellom v\u00e5re ansatte og kunden.\u00a0Vi er medlemmer av ERAA (estisk assosiasjon av internasjonale veioperat\u00f8rer) og driften v\u00e5r er dekket av <strong>CMR forsikring<\/strong>.\u00a0\u00a0 Vi er ogs\u00e5 medlemmer av: Eesti Tehno\u00fclevaatajate Liit (estisk assosiasjon for kj\u00f8ret\u00f8yinspeksjon).<\/p>\n<p>Bedriften har alltid befunnet seg i byen Saue, hvor vi eier en n\u00e6ringseiendom i Tule 33. Vi tilbyr ogs\u00e5 utleie av kontorer, lager og n\u00e6ringsbygg.<\/p>\n<p>Bedriften sysselsetter for tiden rundt 100 personer. V\u00e5r m\u00e5lsetning er \u00e5 levere hurtig, tilby fleksible l\u00f8sninger og alltid v\u00e6re tilgjengelig for v\u00e5re kunder.<\/p>\n<p style=\"text-align: left;\"><a href=\"http:\/\/saue-auto.ee\/wp-content\/uploads\/2015\/12\/logo-copy.png\" rel=\"attachment wp-att-14810\"><img loading=\"lazy\" decoding=\"async\" class=\"size-full wp-image-14585 alignnone\" src=\"http:\/\/saue-auto.ee\/wp-content\/uploads\/2015\/12\/1.png\" alt=\"1\" width=\"203\" height=\"70\" \/><img loading=\"lazy\" decoding=\"async\" class=\"alignnone size-full wp-image-15166\" src=\"http:\/\/saue-auto.ee\/wp-content\/uploads\/2015\/12\/logo-copy-copy.png\" alt=\"logo-copy copy\" width=\"134\" height=\"70\" \/><\/a><img loading=\"lazy\" decoding=\"async\" class=\"size-full wp-image-14718 alignnone\" src=\"http:\/\/saue-auto.ee\/wp-content\/uploads\/2015\/12\/T\u00dcL-copy_2-1.png\" alt=\"T\u00dcL-copy_2\" width=\"302\" height=\"70\" srcset=\"https:\/\/saue-auto.ee\/wp-content\/uploads\/2015\/12\/T\u00dcL-copy_2-1.png 302w, https:\/\/saue-auto.ee\/wp-content\/uploads\/2015\/12\/T\u00dcL-copy_2-1-300x70.png 300w\" sizes=\"auto, (max-width: 302px) 100vw, 302px\" \/><\/p>\n<p style=\"text-align: left;\"><a href=\"http:\/\/saue-auto.ee\/wp-content\/uploads\/2015\/12\/\u00fclevaatus2-copy.png\" rel=\"attachment wp-att-14787\"><img loading=\"lazy\" decoding=\"async\" class=\"alignleft size-medium wp-image-14787\" src=\"https:\/\/saue-auto.ee\/wp-content\/uploads\/2015\/12\/\u00fclevaatus2-copy-203x300.png\" alt=\"\u00fclevaatus2 copy\" width=\"203\" height=\"300\" srcset=\"https:\/\/saue-auto.ee\/wp-content\/uploads\/2015\/12\/\u00fclevaatus2-copy-203x300.png 203w, https:\/\/saue-auto.ee\/wp-content\/uploads\/2015\/12\/\u00fclevaatus2-copy-768x1136.png 768w, https:\/\/saue-auto.ee\/wp-content\/uploads\/2015\/12\/\u00fclevaatus2-copy-697x1030.png 697w, https:\/\/saue-auto.ee\/wp-content\/uploads\/2015\/12\/\u00fclevaatus2-copy.png 1247w\" sizes=\"auto, (max-width: 203px) 100vw, 203px\" \/><\/a><a href=\"http:\/\/saue-auto.ee\/wp-content\/uploads\/2015\/12\/ISO.png\" rel=\"attachment wp-att-14738\"><img loading=\"lazy\" decoding=\"async\" class=\"alignleft wp-image-14738 size-medium\" src=\"https:\/\/saue-auto.ee\/wp-content\/uploads\/2015\/12\/ISO-212x300.png\" alt=\"ISO\" width=\"212\" height=\"300\" srcset=\"https:\/\/saue-auto.ee\/wp-content\/uploads\/2015\/12\/ISO-212x300.png 212w, https:\/\/saue-auto.ee\/wp-content\/uploads\/2015\/12\/ISO-768x1089.png 768w, https:\/\/saue-auto.ee\/wp-content\/uploads\/2015\/12\/ISO-727x1030.png 727w, https:\/\/saue-auto.ee\/wp-content\/uploads\/2015\/12\/ISO.png 1568w\" sizes=\"auto, (max-width: 212px) 100vw, 212px\" \/><\/a><\/p>\n<p>EN ISO 9002<br \/>\nEN ISO 14001<br \/>\nSERTIFIKAT<br \/>\nUtstedt av SKAL<br \/>\nSuomen Kuorma-Autoliito<br \/>\nden 24. juli 2000[\/vc_column_text][divider line_type=&raquo;Full Width Line&raquo; line_thickness=&raquo;1&#8243; divider_color=&raquo;default&raquo; custom_height=&raquo;1&#8243;][\/vc_column][\/vc_row][vc_row type=&raquo;full_width_background&raquo; full_screen_row_position=&raquo;middle&raquo; scene_position=&raquo;center&raquo; text_color=&raquo;dark&raquo; text_align=&raquo;left&raquo; top_padding=&raquo;25&#8243; bottom_padding=&raquo;60&#8243; overlay_strength=&raquo;0.3&#8243; shape_divider_position=&raquo;bottom&raquo;][vc_column column_padding=&raquo;no-extra-padding&raquo; column_padding_position=&raquo;all&raquo; background_color_opacity=&raquo;1&#8243; background_hover_color_opacity=&raquo;1&#8243; column_link_target=&raquo;_self&raquo; column_shadow=&raquo;none&raquo; column_border_radius=&raquo;none&raquo; width=&raquo;1\/2&#8243; tablet_width_inherit=&raquo;default&raquo; tablet_text_alignment=&raquo;default&raquo; phone_text_alignment=&raquo;default&raquo; column_border_width=&raquo;none&raquo; column_border_style=&raquo;solid&raquo;][fancy_box box_style=&raquo;default&raquo; icon_family=&raquo;none&raquo; image_url=&raquo;14832&#8243; color=&raquo;Extra-Color-1&#8243; min_height=&raquo;100&#8243; link_url=&raquo;http:\/\/saue-auto.ee\/nb\/teenused\/&raquo; link_text=&raquo;MER INFORMASJON&raquo;]\n<h1>Tjenester<\/h1>\n<p>Saue Auto AS ble etablert 19.mai 1994. Dagens tjenester inkluderer:<\/p>\n<p>&#8211; Internasjonal landeveistransport<br \/>\n&#8211; Kj\u00f8ret\u00f8ys inspeksjon<br \/>\n&#8211; Utleie av n\u00e6ringseiendommer[\/fancy_box][\/vc_column][vc_column column_padding=&raquo;no-extra-padding&raquo; column_padding_position=&raquo;all&raquo; background_color_opacity=&raquo;1&#8243; background_hover_color_opacity=&raquo;1&#8243; column_link_target=&raquo;_self&raquo; column_shadow=&raquo;none&raquo; column_border_radius=&raquo;none&raquo; width=&raquo;1\/2&#8243; tablet_width_inherit=&raquo;default&raquo; tablet_text_alignment=&raquo;default&raquo; phone_text_alignment=&raquo;default&raquo; column_border_width=&raquo;none&raquo; column_border_style=&raquo;solid&raquo;][fancy_box box_style=&raquo;default&raquo; icon_family=&raquo;none&raquo; image_url=&raquo;13933&#8243; color=&raquo;Extra-Color-1&#8243; min_height=&raquo;100&#8243; link_url=&raquo;http:\/\/saue-auto.ee\/nb\/kontakt\/&raquo; link_text=&raquo;MER INFORMASJON&raquo;]\n<h1>Kontakt<\/h1>\n<p>Saue Auto AS<br \/>\nReg. nr. 10115980<br \/>\nTule 33, Saue 76505, Estonia<br \/>\nTlf: +372 610 5050<br \/>\nFax: +372 610 5055<br \/>\nE-post: &#x74;&#x72;&#x61;&#x6e;&#x73;&#x70;&#x6f;&#x72;&#x74;&#x40;&#x73;&#97;&#117;&#101;&#45;&#97;&#117;&#116;o&#46;ee[\/fancy_box][\/vc_column][\/vc_row]\n","protected":false},"excerpt":{"rendered":"<p>[vc_row type=&raquo;in_container&raquo; full_screen_row_position=&raquo;middle&raquo; scene_position=&raquo;center&raquo; text_color=&raquo;dark&raquo; text_align=&raquo;left&raquo; overlay_strength=&raquo;0.3&#8243; shape_divider_position=&raquo;bottom&raquo;][vc_column column_padding=&raquo;no-extra-padding&raquo; column_padding_position=&raquo;all&raquo; background_color_opacity=&raquo;1&#8243; background_hover_color_opacity=&raquo;1&#8243; column_link_target=&raquo;_self&raquo; column_shadow=&raquo;none&raquo; column_border_radius=&raquo;none&raquo; width=&raquo;1\/1&#8243; tablet_width_inherit=&raquo;default&raquo; tablet_text_alignment=&raquo;default&raquo; phone_text_alignment=&raquo;default&raquo; column_border_width=&raquo;none&raquo; column_border_style=&raquo;solid&raquo;][vc_column_text]Saue Auto AS \u00a0ble etablert 19.mai 1994. Firmaet startet som&#8230;<\/p>\n","protected":false},"author":3,"featured_media":0,"parent":0,"menu_order":0,"comment_status":"closed","ping_status":"closed","template":"","meta":{"footnotes":""},"class_list":["post-15088","page","type-page","status-publish"],"_links":{"self":[{"href":"https:\/\/saue-auto.ee\/nb\/wp-json\/wp\/v2\/pages\/15088","targetHints":{"allow":["GET"]}}],"collection":[{"href":"https:\/\/saue-auto.ee\/nb\/wp-json\/wp\/v2\/pages"}],"about":[{"href":"https:\/\/saue-auto.ee\/nb\/wp-json\/wp\/v2\/types\/page"}],"author":[{"embeddable":true,"href":"https:\/\/saue-auto.ee\/nb\/wp-json\/wp\/v2\/users\/3"}],"replies":[{"embeddable":true,"href":"https:\/\/saue-auto.ee\/nb\/wp-json\/wp\/v2\/comments?post=15088"}],"version-history":[{"count":13,"href":"https:\/\/saue-auto.ee\/nb\/wp-json\/wp\/v2\/pages\/15088\/revisions"}],"predecessor-version":[{"id":15563,"href":"https:\/\/saue-auto.ee\/nb\/wp-json\/wp\/v2\/pages\/15088\/revisions\/15563"}],"wp:attachment":[{"href":"https:\/\/saue-auto.ee\/nb\/wp-json\/wp\/v2\/media?parent=15088"}],"curies":[{"name":"wp","href":"https:\/\/api.w.org\/{rel}","templated":true}]}}