{"id":15118,"date":"2015-12-30T15:41:09","date_gmt":"2015-12-30T15:41:09","guid":{"rendered":"http:\/\/saue-auto.ee\/nb\/?page_id=15118"},"modified":"2019-07-29T08:54:36","modified_gmt":"2019-07-29T08:54:36","slug":"teenused","status":"publish","type":"page","link":"https:\/\/saue-auto.ee\/nb\/teenused\/","title":{"rendered":"Tjenester"},"content":{"rendered":"[vc_row type=&raquo;full_width_background&raquo; scene_position=&raquo;center&raquo; text_color=&raquo;dark&raquo; text_align=&raquo;left&raquo; top_padding=&raquo;20&#8243; bottom_padding=&raquo;50&#8243; overlay_strength=&raquo;0.3&#8243;][vc_column column_padding=&raquo;no-extra-padding&raquo; column_padding_position=&raquo;all&raquo; background_color_opacity=&raquo;1&#8243; background_hover_color_opacity=&raquo;1&#8243; width=&raquo;1\/3&#8243;][fancy_box image_url=&raquo;14133&#8243; color=&raquo;Extra-Color-1&#8243; min_height=&raquo;150&#8243; link_url=&raquo;http:\/\/saue-auto.ee\/nb\/rahvusvaheline-autotransport\/&raquo; link_text=&raquo;MER INFORMASJON&raquo;]\n<h2>Internasjonal landeveistransport<\/h2>\n[\/fancy_box][\/vc_column][vc_column column_padding=&raquo;no-extra-padding&raquo; column_padding_position=&raquo;all&raquo; background_color_opacity=&raquo;1&#8243; background_hover_color_opacity=&raquo;1&#8243; width=&raquo;1\/3&#8243;][fancy_box image_url=&raquo;13971&#8243; color=&raquo;Extra-Color-1&#8243; min_height=&raquo;150&#8243; link_url=&raquo;http:\/\/saue-auto.ee\/nb\/tehnoulevaatus\/&raquo; link_text=&raquo;MER INFORMASJON&raquo;]\n<h2>Kj\u00f8ret\u00f8yinspeksjon p\u00e5 Tule 33, Saue<\/h2>\n[\/fancy_box][\/vc_column][vc_column column_padding=&raquo;no-extra-padding&raquo; column_padding_position=&raquo;all&raquo; background_color_opacity=&raquo;1&#8243; background_hover_color_opacity=&raquo;1&#8243; width=&raquo;1\/3&#8243;][fancy_box image_url=&raquo;14259&#8243; color=&raquo;Extra-Color-1&#8243; min_height=&raquo;150&#8243; link_url=&raquo;http:\/\/saue-auto.ee\/nb\/aripindade-rent\/&raquo; link_text=&raquo;MER INFORMASJON&raquo;]\n<h2>Utleie av n\u00e6ringseiendom p\u00e5 Tule 33, Saue<\/h2>\n[\/fancy_box][\/vc_column][\/vc_row][vc_row type=&raquo;in_container&raquo; scene_position=&raquo;center&raquo; text_color=&raquo;dark&raquo; text_align=&raquo;left&raquo; overlay_strength=&raquo;0.3&#8243;][vc_column column_padding=&raquo;no-extra-padding&raquo; column_padding_position=&raquo;all&raquo; background_color_opacity=&raquo;1&#8243; background_hover_color_opacity=&raquo;1&#8243; width=&raquo;1\/1&#8243;][divider line_type=&raquo;Full Width Line&raquo; custom_height=&raquo;1&#8243;][\/vc_column][\/vc_row][vc_row type=&raquo;full_width_background&raquo; scene_position=&raquo;center&raquo; text_color=&raquo;dark&raquo; text_align=&raquo;left&raquo; top_padding=&raquo;20&#8243; bottom_padding=&raquo;50&#8243; overlay_strength=&raquo;0.3&#8243;][vc_column column_padding=&raquo;no-extra-padding&raquo; column_padding_position=&raquo;all&raquo; background_color_opacity=&raquo;1&#8243; background_hover_color_opacity=&raquo;1&#8243; width=&raquo;1\/2&#8243;][fancy_box image_url=&raquo;14149&#8243; color=&raquo;Extra-Color-1&#8243; min_height=&raquo;100&#8243; link_url=&raquo;http:\/\/saue-auto.ee\/nb\/ettevottest\/&raquo; link_text=&raquo;MER INFORMASJON&raquo;]\n<h1>Om bedriften<\/h1>\n<p>Saue Auto AS ble etablert 19.mai 1994. Dagens tjenester inkluderer:<br \/>\n&#8211; Internasjonal landeveistransport<br \/>\n&#8211; Kj\u00f8ret\u00f8ys inspeksjon<br \/>\n&#8211; Utleie av n\u00e6ringseiendommer[\/fancy_box][\/vc_column][vc_column column_padding=&raquo;no-extra-padding&raquo; column_padding_position=&raquo;all&raquo; background_color_opacity=&raquo;1&#8243; background_hover_color_opacity=&raquo;1&#8243; width=&raquo;1\/2&#8243;][fancy_box image_url=&raquo;13933&#8243; color=&raquo;Extra-Color-1&#8243; min_height=&raquo;100&#8243; link_url=&raquo;http:\/\/saue-auto.ee\/nb\/kontakt\/&raquo; link_text=&raquo;MER INFORMASJON&raquo;]\n<h1>Kontakt<\/h1>\n<p>Saue Auto AS<br \/>\nReg. nr. 10115980<br \/>\nTule 33, Saue 76505, Estonia<br \/>\nTlf: +372 610 5050<br \/>\nFax: +372 610 5055<br \/>\nE-post: &#116;&#x72;&#97;&#x6e;&#115;&#x70;&#111;&#x72;&#116;&#x40;&#115;&#x61;&#117;&#x65;&#45;&#x61;&#117;&#x74;&#111;&#x2e;&#101;&#x65;[\/fancy_box][\/vc_column][\/vc_row]\n","protected":false},"excerpt":{"rendered":"<p>[vc_row type=&raquo;full_width_background&raquo; scene_position=&raquo;center&raquo; text_color=&raquo;dark&raquo; text_align=&raquo;left&raquo; top_padding=&raquo;20&#8243; bottom_padding=&raquo;50&#8243; overlay_strength=&raquo;0.3&#8243;][vc_column column_padding=&raquo;no-extra-padding&raquo; column_padding_position=&raquo;all&raquo; background_color_opacity=&raquo;1&#8243; background_hover_color_opacity=&raquo;1&#8243; width=&raquo;1\/3&#8243;][fancy_box image_url=&raquo;14133&#8243; color=&raquo;Extra-Color-1&#8243; min_height=&raquo;150&#8243; link_url=&raquo;http:\/\/saue-auto.ee\/nb\/rahvusvaheline-autotransport\/&raquo; link_text=&raquo;MER INFORMASJON&raquo;] Internasjonal landeveistransport [\/fancy_box][\/vc_column][vc_column column_padding=&raquo;no-extra-padding&raquo; column_padding_position=&raquo;all&raquo; background_color_opacity=&raquo;1&#8243; background_hover_color_opacity=&raquo;1&#8243; width=&raquo;1\/3&#8243;][fancy_box image_url=&raquo;13971&#8243; color=&raquo;Extra-Color-1&#8243; min_height=&raquo;150&#8243;&#8230;<\/p>\n","protected":false},"author":3,"featured_media":0,"parent":0,"menu_order":0,"comment_status":"closed","ping_status":"closed","template":"","meta":{"footnotes":""},"class_list":["post-15118","page","type-page","status-publish"],"_links":{"self":[{"href":"https:\/\/saue-auto.ee\/nb\/wp-json\/wp\/v2\/pages\/15118","targetHints":{"allow":["GET"]}}],"collection":[{"href":"https:\/\/saue-auto.ee\/nb\/wp-json\/wp\/v2\/pages"}],"about":[{"href":"https:\/\/saue-auto.ee\/nb\/wp-json\/wp\/v2\/types\/page"}],"author":[{"embeddable":true,"href":"https:\/\/saue-auto.ee\/nb\/wp-json\/wp\/v2\/users\/3"}],"replies":[{"embeddable":true,"href":"https:\/\/saue-auto.ee\/nb\/wp-json\/wp\/v2\/comments?post=15118"}],"version-history":[{"count":8,"href":"https:\/\/saue-auto.ee\/nb\/wp-json\/wp\/v2\/pages\/15118\/revisions"}],"predecessor-version":[{"id":15439,"href":"https:\/\/saue-auto.ee\/nb\/wp-json\/wp\/v2\/pages\/15118\/revisions\/15439"}],"wp:attachment":[{"href":"https:\/\/saue-auto.ee\/nb\/wp-json\/wp\/v2\/media?parent=15118"}],"curies":[{"name":"wp","href":"https:\/\/api.w.org\/{rel}","templated":true}]}}