{"id":15130,"date":"2016-04-01T02:25:12","date_gmt":"2016-04-01T02:25:12","guid":{"rendered":"http:\/\/saue-auto.ee\/nb\/?page_id=15130"},"modified":"2024-01-31T11:21:30","modified_gmt":"2024-01-31T08:21:30","slug":"tehnoulevaatus","status":"publish","type":"page","link":"https:\/\/saue-auto.ee\/nb\/tehnoulevaatus\/","title":{"rendered":"Kj\u00f8rer\u00f8ysinspeksjon"},"content":{"rendered":"[vc_row type=&raquo;in_container&raquo; full_screen_row_position=&raquo;middle&raquo; scene_position=&raquo;center&raquo; text_color=&raquo;dark&raquo; text_align=&raquo;left&raquo; overlay_strength=&raquo;0.3&#8243; shape_divider_position=&raquo;bottom&raquo;][vc_column column_padding=&raquo;no-extra-padding&raquo; column_padding_position=&raquo;all&raquo; background_color=&raquo;#ffffff&raquo; background_color_opacity=&raquo;1&#8243; background_hover_color_opacity=&raquo;1&#8243; column_link_target=&raquo;_self&raquo; column_shadow=&raquo;none&raquo; column_border_radius=&raquo;none&raquo; width=&raquo;1\/2&#8243; tablet_width_inherit=&raquo;default&raquo; tablet_text_alignment=&raquo;default&raquo; phone_text_alignment=&raquo;default&raquo; column_border_width=&raquo;none&raquo; column_border_style=&raquo;solid&raquo;][vc_column_text css=&raquo;.vc_custom_1496148246714{padding-top: 20px !important;padding-right: 40px !important;padding-bottom: 7px !important;padding-left: 40px !important;}&raquo;]\n<h2>\u00c5pningstider for kj\u00f8ret\u00f8yinspeksjons stasjon:<\/h2>\n<p><strong>Man-fre 09.00 -18.00<\/strong><br \/>\n<strong>L\u00f8r 09.00 &#8211; 18.00<\/strong><br \/>\n<strong>Tlf:\u00a0+372 610 5056<\/strong><br \/>\n<strong>E-post:\u00a0<a href=\"&#x6d;a&#x69;&#108;&#x74;&#111;:&#x79;&#108;&#x65;&#118;a&#x61;&#116;&#x75;&#115;&#64;&#x73;a&#x75;&#101;&#x2d;&#x61;u&#x74;&#111;&#x2e;&#101;e\">ylevaatu&#115;&#64;&#115;&#97;&#117;&#101;&#45;&#97;&#117;&#116;&#x6f;&#x2e;&#x65;&#x65;<\/a><\/strong><\/p>\n<p><strong><br \/>\n<img loading=\"lazy\" decoding=\"async\" class=\"alignnone size-full wp-image-14664\" src=\"https:\/\/saue-auto.ee\/wp-content\/uploads\/2015\/12\/T\u00dcL-copy_2.png\" alt=\"T\u00dcL copy_2\" width=\"302\" height=\"70\" srcset=\"https:\/\/saue-auto.ee\/wp-content\/uploads\/2015\/12\/T\u00dcL-copy_2.png 302w, https:\/\/saue-auto.ee\/wp-content\/uploads\/2015\/12\/T\u00dcL-copy_2-300x70.png 300w\" sizes=\"auto, (max-width: 302px) 100vw, 302px\" \/><\/strong>[\/vc_column_text][\/vc_column][vc_column column_padding=&raquo;no-extra-padding&raquo; column_padding_position=&raquo;all&raquo; background_color_opacity=&raquo;1&#8243; background_hover_color_opacity=&raquo;1&#8243; column_link_target=&raquo;_self&raquo; column_shadow=&raquo;none&raquo; column_border_radius=&raquo;none&raquo; width=&raquo;1\/2&#8243; tablet_width_inherit=&raquo;default&raquo; tablet_text_alignment=&raquo;default&raquo; phone_text_alignment=&raquo;default&raquo; column_border_width=&raquo;none&raquo; column_border_style=&raquo;solid&raquo;][vc_column_text]<a href=\"https:\/\/saue-auto.ee\/wp-content\/uploads\/2015\/12\/\u00fclevaatus2-copy-203x300.png\" rel=\"attachment wp-att-14787\"><img loading=\"lazy\" decoding=\"async\" class=\"alignleft size-medium wp-image-14787\" src=\"https:\/\/saue-auto.ee\/wp-content\/uploads\/2015\/12\/\u00fclevaatus2-copy-203x300.png\" alt=\"\u00fclevaatus2 copy\" width=\"203\" height=\"300\" srcset=\"https:\/\/saue-auto.ee\/wp-content\/uploads\/2015\/12\/\u00fclevaatus2-copy-203x300.png 203w, https:\/\/saue-auto.ee\/wp-content\/uploads\/2015\/12\/\u00fclevaatus2-copy-768x1136.png 768w, https:\/\/saue-auto.ee\/wp-content\/uploads\/2015\/12\/\u00fclevaatus2-copy-697x1030.png 697w, https:\/\/saue-auto.ee\/wp-content\/uploads\/2015\/12\/\u00fclevaatus2-copy.png 1247w\" sizes=\"auto, (max-width: 203px) 100vw, 203px\" \/><\/a>[\/vc_column_text][\/vc_column][\/vc_row][vc_row type=&raquo;in_container&raquo; full_screen_row_position=&raquo;middle&raquo; scene_position=&raquo;center&raquo; text_color=&raquo;dark&raquo; text_align=&raquo;left&raquo; overlay_strength=&raquo;0.3&#8243; shape_divider_position=&raquo;bottom&raquo;][vc_column column_padding=&raquo;no-extra-padding&raquo; column_padding_position=&raquo;all&raquo; background_color_opacity=&raquo;1&#8243; background_hover_color_opacity=&raquo;1&#8243; column_link_target=&raquo;_self&raquo; column_shadow=&raquo;none&raquo; column_border_radius=&raquo;none&raquo; width=&raquo;1\/1&#8243; tablet_width_inherit=&raquo;default&raquo; tablet_text_alignment=&raquo;default&raquo; phone_text_alignment=&raquo;default&raquo; column_border_width=&raquo;none&raquo; column_border_style=&raquo;solid&raquo;][vc_column_text]\n<table width=\"596\">\n<tbody>\n<tr>\n<td width=\"39\"><\/td>\n<td width=\"145\"><\/td>\n<td width=\"64\"><\/td>\n<td width=\"64\"><\/td>\n<td width=\"64\"><\/td>\n<td width=\"64\"><\/td>\n<td width=\"78\"><\/td>\n<td width=\"78\"><\/td>\n<\/tr>\n<tr>\n<td colspan=\"8\" width=\"596\"><strong>KJ\u00d8RET\u00d8YSINSPEKSJON PRISLISTE fra 01.02.2024.<\/strong><\/td>\n<\/tr>\n<tr>\n<td width=\"39\"><\/td>\n<td width=\"145\"><\/td>\n<td width=\"64\"><\/td>\n<td width=\"64\"><\/td>\n<td width=\"64\"><\/td>\n<td width=\"64\"><\/td>\n<td width=\"78\"><\/td>\n<td width=\"78\"><\/td>\n<\/tr>\n<tr>\n<td width=\"39\"><strong>\u00a0<\/strong><\/td>\n<td width=\"145\"><strong>\u00a0<\/strong><\/td>\n<td width=\"64\"><strong>\u00a0<\/strong><\/td>\n<td rowspan=\"2\" width=\"64\"><strong>Grunnbel\u00f8p<\/strong><\/td>\n<td colspan=\"2\" width=\"128\"><strong>Utslippsm\u00e5ling<\/strong><\/td>\n<td colspan=\"2\" width=\"156\"><strong>Ekstra<\/strong><\/td>\n<\/tr>\n<tr>\n<td width=\"39\"><strong>Nr<\/strong><\/td>\n<td width=\"145\"><strong>Merke<\/strong><\/td>\n<td width=\"64\"><strong>Kj\u00f8ret\u00f8ykategori<\/strong><\/td>\n<td width=\"64\"><strong>Diesel<\/strong><\/td>\n<td width=\"64\"><strong>Beau de Rochas-syklusen<\/strong><\/td>\n<td width=\"78\"><strong>Internasjonal inspeksjon<\/strong><\/td>\n<td width=\"78\"><strong>Sikre lastebiler, trailerer og busser<\/strong><\/td>\n<\/tr>\n<tr>\n<td width=\"39\"><\/td>\n<td width=\"145\"><\/td>\n<td width=\"64\"><\/td>\n<td width=\"64\">EURO<\/td>\n<td width=\"64\">EURO<\/td>\n<td width=\"64\">EURO<\/td>\n<td width=\"78\">EURO<\/td>\n<td width=\"78\">EURO<\/td>\n<\/tr>\n<tr>\n<td width=\"39\">1<\/td>\n<td width=\"145\">Motorsykler<\/td>\n<td width=\"64\">L<\/td>\n<td width=\"64\"><strong>30<\/strong><\/td>\n<td width=\"64\"><\/td>\n<td width=\"64\"><\/td>\n<td width=\"78\"><\/td>\n<td width=\"78\"><\/td>\n<\/tr>\n<tr>\n<td width=\"39\">2<\/td>\n<td width=\"145\">Personbiler<\/td>\n<td width=\"64\">M1<\/td>\n<td width=\"64\"><strong>50<\/strong><\/td>\n<td width=\"64\">60<\/td>\n<td width=\"64\">60<\/td>\n<td width=\"78\"><\/td>\n<td width=\"78\"><\/td>\n<\/tr>\n<tr>\n<td width=\"39\">3<\/td>\n<td width=\"145\">Varebiler<\/td>\n<td width=\"64\">M2<\/td>\n<td width=\"64\"><strong>65<\/strong><\/td>\n<td width=\"64\">75<\/td>\n<td width=\"64\">75<\/td>\n<td width=\"78\">10<\/td>\n<td width=\"78\">20<\/td>\n<\/tr>\n<tr>\n<td width=\"39\">4<\/td>\n<td width=\"145\">Busser<\/td>\n<td width=\"64\">M3<\/td>\n<td width=\"64\"><strong>70<\/strong><\/td>\n<td width=\"64\">80<\/td>\n<td width=\"64\">80<\/td>\n<td width=\"78\">10<\/td>\n<td width=\"78\">20<\/td>\n<\/tr>\n<tr>\n<td width=\"39\">5<\/td>\n<td width=\"145\">Leddbusser<\/td>\n<td width=\"64\">M3<\/td>\n<td width=\"64\"><strong>70<\/strong><\/td>\n<td width=\"64\">80<\/td>\n<td width=\"64\">80<\/td>\n<td width=\"78\"><\/td>\n<td width=\"78\"><\/td>\n<\/tr>\n<tr>\n<td width=\"39\">6<\/td>\n<td width=\"145\">Lastebiler<\/td>\n<td width=\"64\">N1<\/td>\n<td width=\"64\"><strong>55<\/strong><\/td>\n<td width=\"64\">65<\/td>\n<td width=\"64\">65<\/td>\n<td width=\"78\"><\/td>\n<td width=\"78\"><\/td>\n<\/tr>\n<tr>\n<td width=\"39\">7<\/td>\n<td width=\"145\">Lastebiler<\/td>\n<td width=\"64\">N2<\/td>\n<td width=\"64\"><strong>60<\/strong><\/td>\n<td width=\"64\">70<\/td>\n<td width=\"64\">70<\/td>\n<td width=\"78\">10<\/td>\n<td width=\"78\">20<\/td>\n<\/tr>\n<tr>\n<td width=\"39\">8<\/td>\n<td width=\"145\">Lastebiler<\/td>\n<td width=\"64\">N3<\/td>\n<td width=\"64\"><strong>70<\/strong><\/td>\n<td width=\"64\">80<\/td>\n<td width=\"64\">80<\/td>\n<td width=\"78\">10<\/td>\n<td width=\"78\">20<\/td>\n<\/tr>\n<tr>\n<td width=\"39\">9<\/td>\n<td width=\"145\">Personbiltilhengere<\/td>\n<td width=\"64\">O1<\/td>\n<td width=\"64\"><strong>20<\/strong><\/td>\n<td width=\"64\"><\/td>\n<td width=\"64\"><\/td>\n<td width=\"78\"><\/td>\n<td width=\"78\"><\/td>\n<\/tr>\n<tr>\n<td width=\"39\">10<\/td>\n<td width=\"145\">Trailerer<\/td>\n<td width=\"64\">O2<\/td>\n<td width=\"64\"><strong>30<\/strong><\/td>\n<td width=\"64\"><\/td>\n<td width=\"64\"><\/td>\n<td width=\"78\">10<\/td>\n<td width=\"78\"><\/td>\n<\/tr>\n<tr>\n<td width=\"39\">11<\/td>\n<td width=\"145\">Trailerer<\/td>\n<td width=\"64\">O3<\/td>\n<td width=\"64\"><strong>45<\/strong><\/td>\n<td width=\"64\"><\/td>\n<td width=\"64\"><\/td>\n<td width=\"78\">10<\/td>\n<td width=\"78\">20<\/td>\n<\/tr>\n<tr>\n<td width=\"39\">12<\/td>\n<td width=\"145\">Trailerer<\/td>\n<td width=\"64\">O4<\/td>\n<td width=\"64\"><strong>50<\/strong><\/td>\n<td width=\"64\"><\/td>\n<td width=\"64\"><\/td>\n<td width=\"78\">10<\/td>\n<td width=\"78\">20<\/td>\n<\/tr>\n<tr>\n<td width=\"39\">13<\/td>\n<td width=\"145\">Traktorer<\/td>\n<td width=\"64\">TR<\/td>\n<td width=\"64\"><strong>30<\/strong><\/td>\n<td width=\"64\"><\/td>\n<td width=\"64\"><\/td>\n<td width=\"78\"><\/td>\n<td width=\"78\"><\/td>\n<\/tr>\n<tr>\n<td width=\"39\">14<\/td>\n<td width=\"145\">Traktor tilhengere<\/td>\n<td width=\"64\">TH<\/td>\n<td width=\"64\"><strong>25<\/strong><\/td>\n<td width=\"64\"><\/td>\n<td width=\"64\"><\/td>\n<td width=\"78\"><\/td>\n<td width=\"78\"><\/td>\n<\/tr>\n<tr>\n<td width=\"39\"><\/td>\n<td colspan=\"7\" width=\"557\"><strong>Prisene inkluderer MVA.<\/strong><\/td>\n<\/tr>\n<\/tbody>\n<\/table>\n[\/vc_column_text][vc_column_text]\n<table width=\"342\">\n<tbody>\n<tr>\n<td width=\"290\"><\/td>\n<td width=\"52\"><\/td>\n<\/tr>\n<tr>\n<td colspan=\"2\" width=\"342\"><strong>KJ\u00d8RET\u00d8YSKONTROLL UTEN INSPEKSJON<\/strong><\/td>\n<\/tr>\n<tr>\n<td width=\"290\"><\/td>\n<td width=\"52\"><\/td>\n<\/tr>\n<tr>\n<td width=\"290\"><strong>Tjenester<\/strong><\/td>\n<td width=\"52\"><strong>Pris<\/strong><\/td>\n<\/tr>\n<tr>\n<td width=\"290\">M\u00e5ling av utslipp<\/td>\n<td width=\"52\">10<\/td>\n<\/tr>\n<tr>\n<td width=\"290\">Inspeksjon av bremsene 1.aksel<\/td>\n<td width=\"52\">10<\/td>\n<\/tr>\n<tr>\n<td width=\"290\">Inspeksjon av fj\u00e6ringssystem 1. aksel<\/td>\n<td width=\"52\">10<\/td>\n<\/tr>\n<tr>\n<td width=\"290\">Veiing av kj\u00f8ret\u00f8y<\/td>\n<td width=\"52\">10<\/td>\n<\/tr>\n<tr>\n<td width=\"290\">Kontroll av vindussikt<\/td>\n<td width=\"52\">5<\/td>\n<\/tr>\n<tr>\n<td width=\"290\">Kj\u00f8relyskontroll<\/td>\n<td width=\"52\">3<\/td>\n<\/tr>\n<tr>\n<td width=\"290\">Kj\u00f8relys innstillinger (om mulig)<\/td>\n<td width=\"52\">5<\/td>\n<\/tr>\n<tr>\n<td width=\"290\"><strong>Prisene inkluderer MVA.<\/strong><\/td>\n<td width=\"52\"><\/td>\n<\/tr>\n<\/tbody>\n<\/table>\n[\/vc_column_text][divider line_type=&raquo;Full Width Line&raquo; line_thickness=&raquo;1&#8243; divider_color=&raquo;default&raquo; custom_height=&raquo;1&#8243;][vc_column_text css=&raquo;.vc_custom_1706689282192{margin-top: 25px !important;}&raquo;]\n<ul>\n<li>Engangsrabatt for eldre og funksjonshemmede innbyggere: M1 kj\u00f8ret\u00f8yinspeksjon 40 euro<\/li>\n<li>F\u00f8rste om-kontroll &#8211; 50% av grunnpris for andre og senerer kontroller &#8211; i henhold til prisliste.<\/li>\n<li>Visuell om-sjekk (ingen bruk av utstyr) N1,M1,O2,TR kj\u00f8ret\u00f8y \u2013 5 euro<br \/>\nM2,M3,N2,N3,O3,O4 kj\u00f8ret\u00f8y \u2013 10 euro<\/li>\n<li>Registreringsavgift for gyldige inspeksjonsdokumenter -5 euro<\/li>\n<li>N\u00f8dinspeksjon (kj\u00f8ret\u00f8yet gjennomg\u00e5r fullstendig inspeksjon) -100% av de normale insepksjonsprisen<\/li>\n<li>Inspeksjon av spesialkj\u00f8ret\u00f8y (taxier, \u00f8velseskj\u00f8ret\u00f8y) &#8211; 15 euro<\/li>\n<li>Forh\u00e5ndsinspeksjon &#8211; i forhold til standard inspeksjonsprisliste<\/li>\n<li>Internasjonal kj\u00f8ret\u00f8yinspeksjon (S, euro) i tillegg til: O3, O4 kj\u00f8ret\u00f8y \u2013 15 euro<br \/>\nN2, N3 \u2013 20 euro (nytt kj\u00f8ret\u00f8y)<\/li>\n<li>I tilfeller hvor inspeksjonen er utf\u00f8rt utfor v\u00e5r bedrift, vil det v\u00e6re en engangsavgift p\u00e5 15 euro +0,5 euro\/km belastet i tillegg til den ordin\u00e6re prisen.<\/li>\n<\/ul>\n[\/vc_column_text][\/vc_column][\/vc_row][vc_row type=&raquo;in_container&raquo; full_screen_row_position=&raquo;middle&raquo; scene_position=&raquo;center&raquo; text_color=&raquo;dark&raquo; text_align=&raquo;left&raquo; overlay_strength=&raquo;0.3&#8243; shape_divider_position=&raquo;bottom&raquo;][vc_column column_padding=&raquo;no-extra-padding&raquo; column_padding_position=&raquo;all&raquo; background_color_opacity=&raquo;1&#8243; background_hover_color_opacity=&raquo;1&#8243; column_link_target=&raquo;_self&raquo; column_shadow=&raquo;none&raquo; column_border_radius=&raquo;none&raquo; width=&raquo;1\/2&#8243; tablet_width_inherit=&raquo;default&raquo; tablet_text_alignment=&raquo;default&raquo; phone_text_alignment=&raquo;default&raquo; column_border_width=&raquo;none&raquo; column_border_style=&raquo;solid&raquo;][image_with_animation image_url=&raquo;14321&#8243; alignment=&raquo;&raquo; animation=&raquo;None&raquo; border_radius=&raquo;none&raquo; box_shadow=&raquo;none&raquo; max_width=&raquo;100%&raquo;][\/vc_column][vc_column column_padding=&raquo;no-extra-padding&raquo; column_padding_position=&raquo;all&raquo; background_color_opacity=&raquo;1&#8243; background_hover_color_opacity=&raquo;1&#8243; column_link_target=&raquo;_self&raquo; column_shadow=&raquo;none&raquo; column_border_radius=&raquo;none&raquo; width=&raquo;1\/2&#8243; tablet_width_inherit=&raquo;default&raquo; tablet_text_alignment=&raquo;default&raquo; phone_text_alignment=&raquo;default&raquo; column_border_width=&raquo;none&raquo; column_border_style=&raquo;solid&raquo;][image_with_animation image_url=&raquo;14708&#8243; alignment=&raquo;&raquo; animation=&raquo;None&raquo; border_radius=&raquo;none&raquo; box_shadow=&raquo;none&raquo; max_width=&raquo;100%&raquo;][\/vc_column][\/vc_row][vc_row type=&raquo;full_width_background&raquo; full_screen_row_position=&raquo;middle&raquo; scene_position=&raquo;center&raquo; text_color=&raquo;dark&raquo; text_align=&raquo;left&raquo; top_padding=&raquo;20&#8243; bottom_padding=&raquo;50&#8243; overlay_strength=&raquo;0.3&#8243; shape_divider_position=&raquo;bottom&raquo;][vc_column column_padding=&raquo;no-extra-padding&raquo; column_padding_position=&raquo;all&raquo; background_color_opacity=&raquo;1&#8243; background_hover_color_opacity=&raquo;1&#8243; column_link_target=&raquo;_self&raquo; column_shadow=&raquo;none&raquo; column_border_radius=&raquo;none&raquo; width=&raquo;1\/2&#8243; tablet_width_inherit=&raquo;default&raquo; tablet_text_alignment=&raquo;default&raquo; phone_text_alignment=&raquo;default&raquo; column_border_width=&raquo;none&raquo; column_border_style=&raquo;solid&raquo;][fancy_box box_style=&raquo;default&raquo; icon_family=&raquo;none&raquo; image_url=&raquo;14149&#8243; color=&raquo;Extra-Color-1&#8243; min_height=&raquo;100&#8243; link_url=&raquo;http:\/\/saue-auto.ee\/nb\/teenused\/&raquo; link_text=&raquo;MER INFORMASJON&raquo;]\n<h1>Tjenester<\/h1>\n<p>Saue Auto AS ble etablert 19.mai 1994. Dagens tjenester inkluderer:<br \/>\n&#8211; Internasjonal landeveistransport<br \/>\n&#8211; Kj\u00f8ret\u00f8ys inspeksjon<br \/>\n&#8211; Utleie av n\u00e6ringseiendommer[\/fancy_box][\/vc_column][vc_column column_padding=&raquo;no-extra-padding&raquo; column_padding_position=&raquo;all&raquo; background_color_opacity=&raquo;1&#8243; background_hover_color_opacity=&raquo;1&#8243; column_link_target=&raquo;_self&raquo; column_shadow=&raquo;none&raquo; column_border_radius=&raquo;none&raquo; width=&raquo;1\/2&#8243; tablet_width_inherit=&raquo;default&raquo; tablet_text_alignment=&raquo;default&raquo; phone_text_alignment=&raquo;default&raquo; column_border_width=&raquo;none&raquo; column_border_style=&raquo;solid&raquo;][fancy_box box_style=&raquo;default&raquo; icon_family=&raquo;none&raquo; image_url=&raquo;13933&#8243; color=&raquo;Extra-Color-1&#8243; min_height=&raquo;100&#8243; link_url=&raquo;http:\/\/saue-auto.ee\/nb\/kontakt\/&raquo; link_text=&raquo;MER INFORMASJON&raquo;]\n<h1>Kontakt<\/h1>\n<p>Saue Auto AS<br \/>\nReg. nr. 10115980<br \/>\nTule 33, Saue 76505, Estonia<br \/>\nTlf: +372 610 5050<br \/>\nFax: +372 610 5055<br \/>\nE-post: &#x74;&#x72;&#x61;&#110;&#115;po&#x72;&#x74;&#x40;&#115;&#97;ue&#x2d;&#x61;&#x75;&#116;&#111;&#46;e&#x65;[\/fancy_box][\/vc_column][\/vc_row]\n","protected":false},"excerpt":{"rendered":"<p>[vc_row type=&raquo;in_container&raquo; full_screen_row_position=&raquo;middle&raquo; scene_position=&raquo;center&raquo; text_color=&raquo;dark&raquo; text_align=&raquo;left&raquo; overlay_strength=&raquo;0.3&#8243; shape_divider_position=&raquo;bottom&raquo;][vc_column column_padding=&raquo;no-extra-padding&raquo; column_padding_position=&raquo;all&raquo; background_color=&raquo;#ffffff&raquo; background_color_opacity=&raquo;1&#8243; background_hover_color_opacity=&raquo;1&#8243; column_link_target=&raquo;_self&raquo; column_shadow=&raquo;none&raquo; column_border_radius=&raquo;none&raquo; width=&raquo;1\/2&#8243; tablet_width_inherit=&raquo;default&raquo; tablet_text_alignment=&raquo;default&raquo; phone_text_alignment=&raquo;default&raquo; column_border_width=&raquo;none&raquo; column_border_style=&raquo;solid&raquo;][vc_column_text css=&raquo;.vc_custom_1496148246714{padding-top: 20px !important;padding-right: 40px !important;padding-bottom: 7px !important;padding-left: 40px&#8230;<\/p>\n","protected":false},"author":3,"featured_media":0,"parent":0,"menu_order":0,"comment_status":"closed","ping_status":"closed","template":"","meta":{"footnotes":""},"class_list":["post-15130","page","type-page","status-publish"],"_links":{"self":[{"href":"https:\/\/saue-auto.ee\/nb\/wp-json\/wp\/v2\/pages\/15130","targetHints":{"allow":["GET"]}}],"collection":[{"href":"https:\/\/saue-auto.ee\/nb\/wp-json\/wp\/v2\/pages"}],"about":[{"href":"https:\/\/saue-auto.ee\/nb\/wp-json\/wp\/v2\/types\/page"}],"author":[{"embeddable":true,"href":"https:\/\/saue-auto.ee\/nb\/wp-json\/wp\/v2\/users\/3"}],"replies":[{"embeddable":true,"href":"https:\/\/saue-auto.ee\/nb\/wp-json\/wp\/v2\/comments?post=15130"}],"version-history":[{"count":19,"href":"https:\/\/saue-auto.ee\/nb\/wp-json\/wp\/v2\/pages\/15130\/revisions"}],"predecessor-version":[{"id":15658,"href":"https:\/\/saue-auto.ee\/nb\/wp-json\/wp\/v2\/pages\/15130\/revisions\/15658"}],"wp:attachment":[{"href":"https:\/\/saue-auto.ee\/nb\/wp-json\/wp\/v2\/media?parent=15130"}],"curies":[{"name":"wp","href":"https:\/\/api.w.org\/{rel}","templated":true}]}}