{"id":15144,"date":"2015-12-30T15:41:20","date_gmt":"2015-12-30T15:41:20","guid":{"rendered":"http:\/\/saue-auto.ee\/nb\/?page_id=15144"},"modified":"2024-09-12T10:24:19","modified_gmt":"2024-09-12T07:24:19","slug":"kontakt","status":"publish","type":"page","link":"https:\/\/saue-auto.ee\/nb\/kontakt\/","title":{"rendered":"Kontakt"},"content":{"rendered":"[vc_row type=&raquo;in_container&raquo; full_screen_row_position=&raquo;middle&raquo; column_margin=&raquo;default&raquo; column_direction=&raquo;default&raquo; column_direction_tablet=&raquo;default&raquo; column_direction_phone=&raquo;default&raquo; scene_position=&raquo;center&raquo; text_color=&raquo;dark&raquo; text_align=&raquo;left&raquo; row_border_radius=&raquo;none&raquo; row_border_radius_applies=&raquo;bg&raquo; overflow=&raquo;visible&raquo; overlay_strength=&raquo;0.3&#8243; gradient_direction=&raquo;left_to_right&raquo; shape_divider_position=&raquo;bottom&raquo; bg_image_animation=&raquo;none&raquo;][vc_column column_padding=&raquo;no-extra-padding&raquo; column_padding_tablet=&raquo;inherit&raquo; column_padding_phone=&raquo;inherit&raquo; column_padding_position=&raquo;all&raquo; column_element_direction_desktop=&raquo;default&raquo; column_element_spacing=&raquo;default&raquo; desktop_text_alignment=&raquo;default&raquo; tablet_text_alignment=&raquo;default&raquo; phone_text_alignment=&raquo;default&raquo; background_color_opacity=&raquo;1&#8243; background_hover_color_opacity=&raquo;1&#8243; column_backdrop_filter=&raquo;none&raquo; column_shadow=&raquo;none&raquo; column_border_radius=&raquo;none&raquo; column_link_target=&raquo;_self&raquo; column_position=&raquo;default&raquo; gradient_direction=&raquo;left_to_right&raquo; overlay_strength=&raquo;0.3&#8243; width=&raquo;1\/1&#8243; tablet_width_inherit=&raquo;default&raquo; animation_type=&raquo;default&raquo; bg_image_animation=&raquo;none&raquo; border_type=&raquo;simple&raquo; column_border_width=&raquo;none&raquo; column_border_style=&raquo;solid&raquo;][vc_column_text]\n<h3>GENERELL INFORMASJON<\/h3>\n[\/vc_column_text][\/vc_column][\/vc_row][vc_row type=&raquo;in_container&raquo; full_screen_row_position=&raquo;middle&raquo; column_margin=&raquo;default&raquo; column_direction=&raquo;default&raquo; column_direction_tablet=&raquo;default&raquo; column_direction_phone=&raquo;default&raquo; scene_position=&raquo;center&raquo; top_padding=&raquo;1&#8243; bottom_padding=&raquo;1&#8243; text_color=&raquo;dark&raquo; text_align=&raquo;left&raquo; row_border_radius=&raquo;none&raquo; row_border_radius_applies=&raquo;bg&raquo; overflow=&raquo;visible&raquo; class=&raquo;home_box_wrap&raquo; overlay_strength=&raquo;0.3&#8243; gradient_direction=&raquo;left_to_right&raquo; shape_divider_position=&raquo;bottom&raquo; bg_image_animation=&raquo;none&raquo;][vc_column column_padding=&raquo;no-extra-padding&raquo; column_padding_tablet=&raquo;inherit&raquo; column_padding_phone=&raquo;inherit&raquo; column_padding_position=&raquo;all&raquo; column_element_direction_desktop=&raquo;default&raquo; column_element_spacing=&raquo;default&raquo; desktop_text_alignment=&raquo;default&raquo; tablet_text_alignment=&raquo;default&raquo; phone_text_alignment=&raquo;default&raquo; background_color_opacity=&raquo;1&#8243; background_hover_color_opacity=&raquo;1&#8243; column_backdrop_filter=&raquo;none&raquo; column_shadow=&raquo;none&raquo; column_border_radius=&raquo;none&raquo; column_link_target=&raquo;_self&raquo; column_position=&raquo;default&raquo; gradient_direction=&raquo;left_to_right&raquo; overlay_strength=&raquo;0.3&#8243; width=&raquo;1\/4&#8243; tablet_width_inherit=&raquo;default&raquo; animation_type=&raquo;default&raquo; bg_image_animation=&raquo;none&raquo; border_type=&raquo;simple&raquo; column_border_width=&raquo;none&raquo; column_border_style=&raquo;solid&raquo;][vc_column_text]<strong>Saue Auto AS<\/strong><br \/>\nReg. nr. 10115980<br \/>\nTule 33, Saue 76505, Estonia<br \/>\nTlf: +372 610 5050<br \/>\nFax: +372 610 5055<br \/>\nE-post: <a href=\"&#x6d;a&#x69;&#108;&#x74;&#111;:&#x74;r&#x61;&#110;&#x73;&#112;o&#x72;&#116;&#x40;&#115;a&#x75;e&#x2d;&#97;&#x75;&#116;o&#x2e;e&#x65;\">tr&#97;&#110;&#115;&#112;&#x6f;&#x72;&#x74;&#x40;&#x73;au&#101;&#45;&#97;&#117;&#x74;&#x6f;&#x2e;&#x65;&#x65;<\/a>[\/vc_column_text][\/vc_column][vc_column column_padding=&raquo;no-extra-padding&raquo; column_padding_tablet=&raquo;inherit&raquo; column_padding_phone=&raquo;inherit&raquo; column_padding_position=&raquo;all&raquo; column_element_direction_desktop=&raquo;default&raquo; column_element_spacing=&raquo;default&raquo; desktop_text_alignment=&raquo;default&raquo; tablet_text_alignment=&raquo;default&raquo; phone_text_alignment=&raquo;default&raquo; background_color_opacity=&raquo;1&#8243; background_hover_color_opacity=&raquo;1&#8243; column_backdrop_filter=&raquo;none&raquo; column_shadow=&raquo;none&raquo; column_border_radius=&raquo;none&raquo; column_link_target=&raquo;_self&raquo; column_position=&raquo;default&raquo; gradient_direction=&raquo;left_to_right&raquo; overlay_strength=&raquo;0.3&#8243; width=&raquo;1\/4&#8243; tablet_width_inherit=&raquo;default&raquo; animation_type=&raquo;default&raquo; bg_image_animation=&raquo;none&raquo; border_type=&raquo;simple&raquo; column_border_width=&raquo;none&raquo; column_border_style=&raquo;solid&raquo;][vc_column_text]<strong>Leder<\/strong><br \/>\nTanel\u00a0 M\u00fc\u00fcrsepp<br \/>\nTlf: +372 610 5057<br \/>\nE-post:\u00a0<a href=\"&#109;&#x61;&#x69;&#108;&#x74;&#x6f;:&#x74;&#x61;n&#101;&#x6c;&#64;&#115;&#x61;u&#101;&#x2d;a&#117;&#x74;o&#46;&#x65;&#x65;\">&#116;&#97;&#x6e;e&#108;&#x40;&#x73;a&#117;&#x65;&#x2d;a&#117;&#x74;o&#46;&#x65;&#x65;<\/a>[\/vc_column_text][\/vc_column][vc_column column_padding=&raquo;no-extra-padding&raquo; column_padding_tablet=&raquo;inherit&raquo; column_padding_phone=&raquo;inherit&raquo; column_padding_position=&raquo;all&raquo; column_element_direction_desktop=&raquo;default&raquo; column_element_spacing=&raquo;default&raquo; desktop_text_alignment=&raquo;default&raquo; tablet_text_alignment=&raquo;default&raquo; phone_text_alignment=&raquo;default&raquo; background_color_opacity=&raquo;1&#8243; background_hover_color_opacity=&raquo;1&#8243; column_backdrop_filter=&raquo;none&raquo; column_shadow=&raquo;none&raquo; column_border_radius=&raquo;none&raquo; column_link_target=&raquo;_self&raquo; column_position=&raquo;default&raquo; gradient_direction=&raquo;left_to_right&raquo; overlay_strength=&raquo;0.3&#8243; width=&raquo;1\/4&#8243; tablet_width_inherit=&raquo;default&raquo; animation_type=&raquo;default&raquo; bg_image_animation=&raquo;none&raquo; border_type=&raquo;simple&raquo; column_border_width=&raquo;none&raquo; column_border_style=&raquo;solid&raquo;][vc_column_text]<strong>Leder av logistikkavdelingen<\/strong><br \/>\nMarek M\u00fcrk<br \/>\nTlf: +372 610 5052<br \/>\nE-post:\u00a0<a href=\"ma&#105;&#108;&#116;&#x6f;&#x3a;&#x6d;&#x61;re&#107;&#64;&#115;&#x61;&#x75;&#x65;&#x2d;au&#116;&#111;&#46;&#x65;&#x65;\">&#x6d;a&#x72;&#101;&#x6b;&#x40;s&#x61;&#117;&#x65;&#x2d;a&#x75;&#116;&#x6f;&#x2e;e&#x65;<\/a>[\/vc_column_text][\/vc_column][\/vc_row][vc_row type=&raquo;in_container&raquo; full_screen_row_position=&raquo;middle&raquo; column_margin=&raquo;default&raquo; column_direction=&raquo;default&raquo; column_direction_tablet=&raquo;default&raquo; column_direction_phone=&raquo;default&raquo; scene_position=&raquo;center&raquo; text_color=&raquo;dark&raquo; text_align=&raquo;left&raquo; row_border_radius=&raquo;none&raquo; row_border_radius_applies=&raquo;bg&raquo; overflow=&raquo;visible&raquo; overlay_strength=&raquo;0.3&#8243; gradient_direction=&raquo;left_to_right&raquo; shape_divider_position=&raquo;bottom&raquo; bg_image_animation=&raquo;none&raquo;][vc_column column_padding=&raquo;no-extra-padding&raquo; column_padding_tablet=&raquo;inherit&raquo; column_padding_phone=&raquo;inherit&raquo; column_padding_position=&raquo;all&raquo; column_element_direction_desktop=&raquo;default&raquo; column_element_spacing=&raquo;default&raquo; desktop_text_alignment=&raquo;default&raquo; tablet_text_alignment=&raquo;default&raquo; phone_text_alignment=&raquo;default&raquo; background_color_opacity=&raquo;1&#8243; background_hover_color_opacity=&raquo;1&#8243; column_backdrop_filter=&raquo;none&raquo; column_shadow=&raquo;none&raquo; column_border_radius=&raquo;none&raquo; column_link_target=&raquo;_self&raquo; column_position=&raquo;default&raquo; gradient_direction=&raquo;left_to_right&raquo; overlay_strength=&raquo;0.3&#8243; width=&raquo;1\/1&#8243; tablet_width_inherit=&raquo;default&raquo; animation_type=&raquo;default&raquo; bg_image_animation=&raquo;none&raquo; border_type=&raquo;simple&raquo; column_border_width=&raquo;none&raquo; column_border_style=&raquo;solid&raquo;][vc_column_text]\n<hr \/>\n<h3><\/h3>\n[\/vc_column_text][\/vc_column][\/vc_row][vc_row type=&raquo;in_container&raquo; full_screen_row_position=&raquo;middle&raquo; column_margin=&raquo;default&raquo; column_direction=&raquo;default&raquo; column_direction_tablet=&raquo;default&raquo; column_direction_phone=&raquo;default&raquo; scene_position=&raquo;center&raquo; top_padding=&raquo;1&#8243; bottom_padding=&raquo;1&#8243; text_color=&raquo;dark&raquo; text_align=&raquo;left&raquo; row_border_radius=&raquo;none&raquo; row_border_radius_applies=&raquo;bg&raquo; overflow=&raquo;visible&raquo; overlay_strength=&raquo;0.3&#8243; gradient_direction=&raquo;left_to_right&raquo; shape_divider_position=&raquo;bottom&raquo; bg_image_animation=&raquo;none&raquo;][vc_column column_padding=&raquo;no-extra-padding&raquo; column_padding_tablet=&raquo;inherit&raquo; column_padding_phone=&raquo;inherit&raquo; column_padding_position=&raquo;all&raquo; column_element_direction_desktop=&raquo;default&raquo; column_element_spacing=&raquo;default&raquo; desktop_text_alignment=&raquo;default&raquo; tablet_text_alignment=&raquo;default&raquo; phone_text_alignment=&raquo;default&raquo; background_color_opacity=&raquo;1&#8243; background_hover_color_opacity=&raquo;1&#8243; column_backdrop_filter=&raquo;none&raquo; column_shadow=&raquo;none&raquo; column_border_radius=&raquo;none&raquo; column_link_target=&raquo;_self&raquo; column_position=&raquo;default&raquo; gradient_direction=&raquo;left_to_right&raquo; overlay_strength=&raquo;0.3&#8243; width=&raquo;1\/4&#8243; tablet_width_inherit=&raquo;default&raquo; animation_type=&raquo;default&raquo; bg_image_animation=&raquo;none&raquo; border_type=&raquo;simple&raquo; column_border_width=&raquo;none&raquo; column_border_style=&raquo;solid&raquo;][vc_column_text]\n<h3>INTERNASJONAL LANDEVEISTRANSPORT<\/h3>\n[\/vc_column_text][divider line_type=&raquo;No Line&raquo; custom_height=&raquo;20&#8243;][vc_column_text css=&raquo;&raquo; text_direction=&raquo;default&raquo;]<strong>Leder av logistikkavdelingen<\/strong><br \/>\nMarek M\u00fcrk<br \/>\nTlf: +372 610 5052<br \/>\nE-post:\u00a0<a href=\"&#x6d;a&#x69;&#108;&#x74;&#111;:&#x6d;&#97;&#x72;&#101;k&#x40;&#115;&#x61;&#117;e&#x2d;a&#x75;&#116;&#x6f;&#x2e;e&#x65;\">marek&#64;saue-auto&#46;ee<\/a><\/p>\n<p><strong>Salgssjef<\/strong><br \/>\nMarko Karp<br \/>\nTlf: +372 610 5046<br \/>\nE-post:\u00a0<a href=\"&#x6d;&#x61;&#x69;&#x6c;&#x74;&#x6f;&#x3a;&#x6d;&#x61;&#x72;&#x6b;&#x6f;&#x2e;&#x6b;&#x61;&#x72;&#x70;&#x40;&#x73;&#x61;&#x75;&#x65;&#x2d;&#x61;&#x75;&#x74;&#x6f;&#x2e;&#x65;&#x65;\">&#109;&#x61;&#114;&#x6b;&#111;&#x2e;&#107;&#x61;&#114;&#x70;&#64;&#x73;&#97;&#x75;&#101;&#x2d;&#97;&#x75;&#116;&#x6f;&#46;&#x65;&#101;<\/a><\/p>\n<p><strong>Logistikkassistent<\/strong><br \/>\nMargid Rande<br \/>\nTlf: +372 610 5059<br \/>\nE-post: <a href=\"&#x6d;&#97;i&#x6c;&#116;o&#x3a;&#109;a&#x72;&#103;i&#x64;&#46;r&#x61;&#x6e;d&#x65;&#x40;&#115;&#x61;&#x75;&#101;&#x2d;&#x61;&#117;t&#x6f;&#46;e&#x65;\" data-linkindex=\"1\">margid&#46;rande&#64;saue-auto&#46;e&#101;<\/a>[\/vc_column_text][\/vc_column][vc_column column_padding=&raquo;no-extra-padding&raquo; column_padding_tablet=&raquo;inherit&raquo; column_padding_phone=&raquo;inherit&raquo; column_padding_position=&raquo;all&raquo; column_element_direction_desktop=&raquo;default&raquo; column_element_spacing=&raquo;default&raquo; desktop_text_alignment=&raquo;default&raquo; tablet_text_alignment=&raquo;default&raquo; phone_text_alignment=&raquo;default&raquo; background_color_opacity=&raquo;1&#8243; background_hover_color_opacity=&raquo;1&#8243; column_backdrop_filter=&raquo;none&raquo; column_shadow=&raquo;none&raquo; column_border_radius=&raquo;none&raquo; column_link_target=&raquo;_self&raquo; column_position=&raquo;default&raquo; gradient_direction=&raquo;left_to_right&raquo; overlay_strength=&raquo;0.3&#8243; width=&raquo;1\/4&#8243; tablet_width_inherit=&raquo;default&raquo; animation_type=&raquo;default&raquo; bg_image_animation=&raquo;none&raquo; border_type=&raquo;simple&raquo; column_border_width=&raquo;none&raquo; column_border_style=&raquo;solid&raquo;][vc_column_text]\n<h3>REGNSKAP<\/h3>\n[\/vc_column_text][divider line_type=&raquo;No Line&raquo; custom_height=&raquo;20&#8243;][vc_column_text]<strong>Regnskapsf\u00f8rer<\/strong><br \/>\nHelen\u00a0K\u00f5rgesaar<br \/>\nTlf: +372 610 5054<br \/>\nE-post:\u00a0<a href=\"&#x6d;a&#x69;&#108;&#x74;&#111;&#x3a;&#x68;e&#x6c;&#101;&#x6e;&#64;&#x73;&#97;u&#x65;&#45;&#x61;&#117;&#x74;&#111;&#46;&#x65;&#101;\">&#104;&#x65;&#108;&#x65;&#110;&#x40;s&#x61;u&#101;&#x2d;&#97;&#x75;&#116;&#x6f;&#46;&#x65;e<\/a><\/p>\n<p><strong>Regnskapsf\u00f8rer<\/strong><br \/>\nElisabeth Stein<br \/>\nTlf: +372 610 5049<br \/>\nE-post:\u00a0<a href=\"m&#97;&#x69;&#x6c;&#x74;o&#58;&#101;&#x6c;&#x69;s&#97;&#98;&#x65;&#x74;h&#64;&#115;&#x61;&#x75;&#x65;-&#97;&#x75;&#x74;&#x6f;&#46;&#101;&#101;\">&#x65;&#x6c;&#x69;&#x73;&#97;&#98;&#101;th&#x40;&#x73;&#x61;&#x75;&#x65;&#45;&#97;&#117;to&#x2e;&#x65;&#x65;<\/a>[\/vc_column_text][\/vc_column][vc_column column_padding=&raquo;no-extra-padding&raquo; column_padding_tablet=&raquo;inherit&raquo; column_padding_phone=&raquo;inherit&raquo; column_padding_position=&raquo;all&raquo; column_element_direction_desktop=&raquo;default&raquo; column_element_spacing=&raquo;default&raquo; desktop_text_alignment=&raquo;default&raquo; tablet_text_alignment=&raquo;default&raquo; phone_text_alignment=&raquo;default&raquo; background_color_opacity=&raquo;1&#8243; background_hover_color_opacity=&raquo;1&#8243; column_backdrop_filter=&raquo;none&raquo; column_shadow=&raquo;none&raquo; column_border_radius=&raquo;none&raquo; column_link_target=&raquo;_self&raquo; column_position=&raquo;default&raquo; gradient_direction=&raquo;left_to_right&raquo; overlay_strength=&raquo;0.3&#8243; width=&raquo;1\/4&#8243; tablet_width_inherit=&raquo;default&raquo; animation_type=&raquo;default&raquo; bg_image_animation=&raquo;none&raquo; border_type=&raquo;simple&raquo; column_border_width=&raquo;none&raquo; column_border_style=&raquo;solid&raquo;][vc_column_text]\n<h3>KJ\u00d8RET\u00d8YS INSPEKSJON<\/h3>\n[\/vc_column_text][divider line_type=&raquo;No Line&raquo; custom_height=&raquo;20&#8243;][vc_column_text css=&raquo;&raquo; text_direction=&raquo;default&raquo;]<strong>Kj\u00f8rer\u00f8ysinspekt\u00f8r<\/strong><br \/>\nJanek Kornak<br \/>\nTlf: +372 610 5050<br \/>\nE-post:\u00a0<a href=\"&#109;&#x61;&#x69;l&#116;&#x6f;&#x3a;y&#108;&#x65;v&#97;&#x61;&#x74;u&#115;&#x40;s&#97;&#x75;&#x65;-&#97;&#x75;&#x74;&#111;&#x2e;&#x65;e\">&#x79;&#x6c;&#101;v&#x61;&#x61;&#116;&#117;s&#x40;&#x73;&#97;&#117;e&#x2d;&#x61;&#117;to&#x2e;&#x65;&#101;<\/a>[\/vc_column_text][\/vc_column][vc_column column_padding=&raquo;no-extra-padding&raquo; column_padding_tablet=&raquo;inherit&raquo; column_padding_phone=&raquo;inherit&raquo; column_padding_position=&raquo;all&raquo; column_element_direction_desktop=&raquo;default&raquo; column_element_spacing=&raquo;default&raquo; desktop_text_alignment=&raquo;default&raquo; tablet_text_alignment=&raquo;default&raquo; phone_text_alignment=&raquo;default&raquo; background_color_opacity=&raquo;1&#8243; background_hover_color_opacity=&raquo;1&#8243; column_backdrop_filter=&raquo;none&raquo; column_shadow=&raquo;none&raquo; column_border_radius=&raquo;none&raquo; column_link_target=&raquo;_self&raquo; column_position=&raquo;default&raquo; gradient_direction=&raquo;left_to_right&raquo; overlay_strength=&raquo;0.3&#8243; width=&raquo;1\/4&#8243; tablet_width_inherit=&raquo;default&raquo; animation_type=&raquo;default&raquo; bg_image_animation=&raquo;none&raquo; border_type=&raquo;simple&raquo; column_border_width=&raquo;none&raquo; column_border_style=&raquo;solid&raquo;][\/vc_column][\/vc_row][vc_row type=&raquo;in_container&raquo; full_screen_row_position=&raquo;middle&raquo; column_margin=&raquo;default&raquo; column_direction=&raquo;default&raquo; column_direction_tablet=&raquo;default&raquo; column_direction_phone=&raquo;default&raquo; scene_position=&raquo;center&raquo; text_color=&raquo;dark&raquo; text_align=&raquo;left&raquo; row_border_radius=&raquo;none&raquo; row_border_radius_applies=&raquo;bg&raquo; overflow=&raquo;visible&raquo; overlay_strength=&raquo;0.3&#8243; gradient_direction=&raquo;left_to_right&raquo; shape_divider_position=&raquo;bottom&raquo; bg_image_animation=&raquo;none&raquo;][vc_column column_padding=&raquo;no-extra-padding&raquo; column_padding_tablet=&raquo;inherit&raquo; column_padding_phone=&raquo;inherit&raquo; column_padding_position=&raquo;all&raquo; column_element_direction_desktop=&raquo;default&raquo; column_element_spacing=&raquo;default&raquo; desktop_text_alignment=&raquo;default&raquo; tablet_text_alignment=&raquo;default&raquo; phone_text_alignment=&raquo;default&raquo; background_color_opacity=&raquo;1&#8243; background_hover_color_opacity=&raquo;1&#8243; column_backdrop_filter=&raquo;none&raquo; column_shadow=&raquo;none&raquo; column_border_radius=&raquo;none&raquo; column_link_target=&raquo;_self&raquo; column_position=&raquo;default&raquo; gradient_direction=&raquo;left_to_right&raquo; overlay_strength=&raquo;0.3&#8243; width=&raquo;1\/1&#8243; tablet_width_inherit=&raquo;default&raquo; animation_type=&raquo;default&raquo; bg_image_animation=&raquo;none&raquo; border_type=&raquo;simple&raquo; column_border_width=&raquo;none&raquo; column_border_style=&raquo;solid&raquo;][vc_column_text]<div id=\"wpgmza_map\" class=\"wpgmza_map\" data-settings=\"{&quot;id&quot;:&quot;1&quot;,&quot;map_title&quot;:&quot;My first map&quot;,&quot;map_width&quot;:&quot;100&quot;,&quot;map_height&quot;:&quot;500&quot;,&quot;map_start_lat&quot;:&quot;59.380708&quot;,&quot;map_start_lng&quot;:&quot;24.676658&quot;,&quot;map_start_location&quot;:&quot;59.38070820629212,24.676658328124958&quot;,&quot;map_start_zoom&quot;:&quot;10&quot;,&quot;default_marker&quot;:&quot;0&quot;,&quot;type&quot;:&quot;1&quot;,&quot;alignment&quot;:&quot;1&quot;,&quot;directions_enabled&quot;:&quot;1&quot;,&quot;styling_enabled&quot;:&quot;0&quot;,&quot;styling_json&quot;:&quot;&quot;,&quot;active&quot;:&quot;0&quot;,&quot;kml&quot;:&quot;&quot;,&quot;bicycle&quot;:&quot;0&quot;,&quot;traffic&quot;:&quot;0&quot;,&quot;dbox&quot;:&quot;1&quot;,&quot;dbox_width&quot;:&quot;250&quot;,&quot;listmarkers&quot;:&quot;0&quot;,&quot;listmarkers_advanced&quot;:&quot;0&quot;,&quot;filterbycat&quot;:&quot;0&quot;,&quot;ugm_enabled&quot;:&quot;0&quot;,&quot;ugm_category_enabled&quot;:&quot;0&quot;,&quot;fusion&quot;:&quot;&quot;,&quot;map_width_type&quot;:&quot;\\\\%&quot;,&quot;map_height_type&quot;:&quot;px&quot;,&quot;mass_marker_support&quot;:&quot;1&quot;,&quot;ugm_access&quot;:&quot;0&quot;,&quot;order_markers_by&quot;:&quot;1&quot;,&quot;order_markers_choice&quot;:&quot;2&quot;,&quot;show_user_location&quot;:&quot;0&quot;,&quot;default_to&quot;:&quot;&quot;,&quot;other_settings&quot;:{&quot;store_locator_enabled&quot;:2,&quot;store_locator_distance&quot;:2,&quot;store_locator_bounce&quot;:1,&quot;store_locator_query_string&quot;:&quot;ZIP \\\/ Address:&quot;,&quot;wpgmza_store_locator_restrict&quot;:&quot;&quot;,&quot;map_max_zoom&quot;:&quot;1&quot;,&quot;transport_layer&quot;:0,&quot;wpgmza_theme_data&quot;:&quot;&quot;}}\" data-map-id='1' Data-maps-engine='' data-shortcode-attributes=\"{&quot;id&quot;:&quot;1&quot;}\" style=\"display:block; overflow:auto; width:100%; height:500px; float:left;\"><\/div>[\/vc_column_text][\/vc_column][\/vc_row]\n","protected":false},"excerpt":{"rendered":"<p>[vc_row type=&raquo;in_container&raquo; full_screen_row_position=&raquo;middle&raquo; column_margin=&raquo;default&raquo; column_direction=&raquo;default&raquo; column_direction_tablet=&raquo;default&raquo; column_direction_phone=&raquo;default&raquo; scene_position=&raquo;center&raquo; text_color=&raquo;dark&raquo; text_align=&raquo;left&raquo; row_border_radius=&raquo;none&raquo; row_border_radius_applies=&raquo;bg&raquo; overflow=&raquo;visible&raquo; overlay_strength=&raquo;0.3&#8243; gradient_direction=&raquo;left_to_right&raquo; shape_divider_position=&raquo;bottom&raquo; bg_image_animation=&raquo;none&raquo;][vc_column column_padding=&raquo;no-extra-padding&raquo; column_padding_tablet=&raquo;inherit&raquo; column_padding_phone=&raquo;inherit&raquo; column_padding_position=&raquo;all&raquo; column_element_direction_desktop=&raquo;default&raquo; column_element_spacing=&raquo;default&raquo; desktop_text_alignment=&raquo;default&raquo; tablet_text_alignment=&raquo;default&raquo; phone_text_alignment=&raquo;default&raquo; background_color_opacity=&raquo;1&#8243; background_hover_color_opacity=&raquo;1&#8243; column_backdrop_filter=&raquo;none&raquo; column_shadow=&raquo;none&raquo;&#8230;<\/p>\n","protected":false},"author":3,"featured_media":0,"parent":0,"menu_order":0,"comment_status":"closed","ping_status":"closed","template":"","meta":{"footnotes":""},"class_list":["post-15144","page","type-page","status-publish"],"_links":{"self":[{"href":"https:\/\/saue-auto.ee\/nb\/wp-json\/wp\/v2\/pages\/15144","targetHints":{"allow":["GET"]}}],"collection":[{"href":"https:\/\/saue-auto.ee\/nb\/wp-json\/wp\/v2\/pages"}],"about":[{"href":"https:\/\/saue-auto.ee\/nb\/wp-json\/wp\/v2\/types\/page"}],"author":[{"embeddable":true,"href":"https:\/\/saue-auto.ee\/nb\/wp-json\/wp\/v2\/users\/3"}],"replies":[{"embeddable":true,"href":"https:\/\/saue-auto.ee\/nb\/wp-json\/wp\/v2\/comments?post=15144"}],"version-history":[{"count":25,"href":"https:\/\/saue-auto.ee\/nb\/wp-json\/wp\/v2\/pages\/15144\/revisions"}],"predecessor-version":[{"id":15690,"href":"https:\/\/saue-auto.ee\/nb\/wp-json\/wp\/v2\/pages\/15144\/revisions\/15690"}],"wp:attachment":[{"href":"https:\/\/saue-auto.ee\/nb\/wp-json\/wp\/v2\/media?parent=15144"}],"curies":[{"name":"wp","href":"https:\/\/api.w.org\/{rel}","templated":true}]}}