{"id":15734,"date":"2024-11-12T13:34:28","date_gmt":"2024-11-12T10:34:28","guid":{"rendered":"https:\/\/saue-auto.ee\/kjoretoys-inspeksjon\/"},"modified":"2024-11-12T21:51:31","modified_gmt":"2024-11-12T18:51:31","slug":"kjoretoys-inspeksjon","status":"publish","type":"page","link":"https:\/\/saue-auto.ee\/nb\/kjoretoys-inspeksjon\/","title":{"rendered":"Kj\u00f8ret\u00f8ys inspeksjon"},"content":{"rendered":"[vc_row type=&raquo;in_container&raquo; full_screen_row_position=&raquo;middle&raquo; column_margin=&raquo;default&raquo; column_direction=&raquo;default&raquo; column_direction_tablet=&raquo;default&raquo; column_direction_phone=&raquo;default&raquo; scene_position=&raquo;center&raquo; text_color=&raquo;dark&raquo; text_align=&raquo;left&raquo; row_border_radius=&raquo;none&raquo; row_border_radius_applies=&raquo;bg&raquo; overflow=&raquo;visible&raquo; overlay_strength=&raquo;0.3&#8243; gradient_direction=&raquo;left_to_right&raquo; shape_divider_position=&raquo;bottom&raquo; bg_image_animation=&raquo;none&raquo;][vc_column column_padding=&raquo;no-extra-padding&raquo; column_padding_tablet=&raquo;inherit&raquo; column_padding_phone=&raquo;inherit&raquo; column_padding_position=&raquo;all&raquo; column_element_direction_desktop=&raquo;default&raquo; column_element_spacing=&raquo;default&raquo; desktop_text_alignment=&raquo;default&raquo; tablet_text_alignment=&raquo;default&raquo; phone_text_alignment=&raquo;default&raquo; background_color=&raquo;#ffffff&raquo; background_color_opacity=&raquo;1&#8243; background_hover_color_opacity=&raquo;1&#8243; column_backdrop_filter=&raquo;none&raquo; column_shadow=&raquo;none&raquo; column_border_radius=&raquo;none&raquo; column_link_target=&raquo;_self&raquo; column_position=&raquo;default&raquo; gradient_direction=&raquo;left_to_right&raquo; overlay_strength=&raquo;0.3&#8243; width=&raquo;1\/2&#8243; tablet_width_inherit=&raquo;default&raquo; animation_type=&raquo;default&raquo; bg_image_animation=&raquo;none&raquo; border_type=&raquo;simple&raquo; column_border_width=&raquo;none&raquo; column_border_style=&raquo;solid&raquo; column_padding_type=&raquo;default&raquo; gradient_type=&raquo;default&raquo;][vc_column_text css=&raquo;.vc_custom_1729757834298{padding-top: 20px !important;padding-right: 40px !important;padding-bottom: 7px !important;padding-left: 40px !important;border-radius: 2px !important;}&raquo; text_direction=&raquo;default&raquo;]<span style=\"color: #333333;\"><span style=\"font-size: 18pt;\">Hei bes\u00f8kende!<br \/>\n<\/span><\/span><\/p>\n<p><span style=\"color: #333333;\"><span style=\"font-size: 18pt;\">Service kun i live-k\u00f8!<\/span><\/span><\/p>\n<p>&nbsp;<\/p>\n<p><span style=\"color: #333333;\"><strong><span style=\"font-size: 18pt;\">Vi holder \u00e5pent:<\/span><\/strong><\/span><\/p>\n<p><span style=\"color: #333333;\"><span style=\"font-size: 18pt;\">Mandag til fredag \u200b\u200bkl 09:00-18:00<br \/>\nL\u00f8rdag kl 09:00-14:00<br \/>\nVi holder stengt p\u00e5 s\u00f8ndag.<\/span><\/span><\/p>\n<p>&nbsp;<\/p>\n<p>&nbsp;<\/p>\n<p><strong>Tlf: +372 610 5056<\/strong><br \/>\n<strong>E-post:\u00a0<a href=\"&#109;&#x61;i&#x6c;t&#111;&#x3a;&#121;&#x6c;e&#118;&#x61;&#97;&#x74;u&#x73;&#x40;&#115;&#x61;u&#x65;-&#97;&#x75;&#116;&#x6f;&#46;&#101;&#x65;\">&#x79;&#108;e&#x76;&#x61;&#97;t&#x75;&#x73;&#64;s&#x61;&#x75;&#101;-&#x61;&#x75;&#116;o&#x2e;&#101;&#101;<\/a><\/strong><\/p>\n<p>&nbsp;<\/p>\n<p><strong><br \/>\n<img loading=\"lazy\" decoding=\"async\" class=\"alignnone size-full wp-image-14664\" src=\"https:\/\/saue-auto.ee\/wp-content\/uploads\/2015\/12\/T\u00dcL-copy_2.png\" alt=\"T\u00dcL copy_2\" width=\"302\" height=\"70\" srcset=\"https:\/\/saue-auto.ee\/wp-content\/uploads\/2015\/12\/T\u00dcL-copy_2.png 302w, https:\/\/saue-auto.ee\/wp-content\/uploads\/2015\/12\/T\u00dcL-copy_2-300x70.png 300w\" sizes=\"auto, (max-width: 302px) 100vw, 302px\" \/><\/strong>[\/vc_column_text][\/vc_column][vc_column column_padding=&raquo;no-extra-padding&raquo; column_padding_tablet=&raquo;inherit&raquo; column_padding_phone=&raquo;inherit&raquo; column_padding_position=&raquo;all&raquo; column_element_direction_desktop=&raquo;default&raquo; column_element_spacing=&raquo;default&raquo; desktop_text_alignment=&raquo;default&raquo; tablet_text_alignment=&raquo;default&raquo; phone_text_alignment=&raquo;default&raquo; background_color_opacity=&raquo;1&#8243; background_hover_color_opacity=&raquo;1&#8243; column_backdrop_filter=&raquo;none&raquo; column_shadow=&raquo;none&raquo; column_border_radius=&raquo;none&raquo; column_link_target=&raquo;_self&raquo; column_position=&raquo;default&raquo; gradient_direction=&raquo;left_to_right&raquo; overlay_strength=&raquo;0.3&#8243; width=&raquo;1\/2&#8243; tablet_width_inherit=&raquo;default&raquo; animation_type=&raquo;default&raquo; bg_image_animation=&raquo;none&raquo; border_type=&raquo;simple&raquo; column_border_width=&raquo;none&raquo; column_border_style=&raquo;solid&raquo;][vc_column_text css=&raquo;&raquo; text_direction=&raquo;default&raquo;]<a href=\"https:\/\/saue-auto.ee\/wp-content\/uploads\/2015\/12\/\u00fclevaatus2-copy-203x300.png\" rel=\"attachment wp-att-14787\"><img loading=\"lazy\" decoding=\"async\" class=\"alignleft size-medium wp-image-14787\" src=\"https:\/\/saue-auto.ee\/wp-content\/uploads\/2015\/12\/\u00fclevaatus2-copy-203x300.png\" alt=\"\u00fclevaatus2 copy\" width=\"203\" height=\"300\" srcset=\"https:\/\/saue-auto.ee\/wp-content\/uploads\/2015\/12\/\u00fclevaatus2-copy-203x300.png 203w, https:\/\/saue-auto.ee\/wp-content\/uploads\/2015\/12\/\u00fclevaatus2-copy-768x1136.png 768w, https:\/\/saue-auto.ee\/wp-content\/uploads\/2015\/12\/\u00fclevaatus2-copy-697x1030.png 697w, https:\/\/saue-auto.ee\/wp-content\/uploads\/2015\/12\/\u00fclevaatus2-copy.png 1247w\" sizes=\"auto, (max-width: 203px) 100vw, 203px\" \/><\/a>[\/vc_column_text][\/vc_column][\/vc_row][vc_row type=&raquo;in_container&raquo; full_screen_row_position=&raquo;middle&raquo; column_margin=&raquo;default&raquo; column_direction=&raquo;default&raquo; column_direction_tablet=&raquo;default&raquo; column_direction_phone=&raquo;default&raquo; scene_position=&raquo;center&raquo; text_color=&raquo;dark&raquo; text_align=&raquo;left&raquo; row_border_radius=&raquo;none&raquo; row_border_radius_applies=&raquo;bg&raquo; overflow=&raquo;visible&raquo; overlay_strength=&raquo;0.3&#8243; gradient_direction=&raquo;left_to_right&raquo; shape_divider_position=&raquo;bottom&raquo; bg_image_animation=&raquo;none&raquo; css_animation=&raquo;&raquo; css=&raquo;&raquo; text_direction=&raquo;default&raquo; el_id=&raquo;&raquo; el_class=&raquo;&raquo; max_width=&raquo;&raquo;][vc_column column_padding=&raquo;no-extra-padding&raquo; column_padding_tablet=&raquo;inherit&raquo; column_padding_phone=&raquo;inherit&raquo; column_padding_position=&raquo;all&raquo; column_element_direction_desktop=&raquo;default&raquo; column_element_spacing=&raquo;default&raquo; desktop_text_alignment=&raquo;default&raquo; tablet_text_alignment=&raquo;default&raquo; phone_text_alignment=&raquo;default&raquo; background_color_opacity=&raquo;1&#8243; background_hover_color_opacity=&raquo;1&#8243; column_backdrop_filter=&raquo;none&raquo; column_shadow=&raquo;none&raquo; column_border_radius=&raquo;none&raquo; column_link_target=&raquo;_self&raquo; column_position=&raquo;default&raquo; gradient_direction=&raquo;left_to_right&raquo; overlay_strength=&raquo;0.3&#8243; width=&raquo;1\/1&#8243; tablet_width_inherit=&raquo;default&raquo; animation_type=&raquo;default&raquo; bg_image_animation=&raquo;none&raquo; border_type=&raquo;simple&raquo; column_border_width=&raquo;none&raquo; column_border_style=&raquo;solid&raquo;][vc_column_text css=&raquo;&raquo; text_direction=&raquo;default&raquo;]\n<\/p>\n<table>\n<tbody>\n<tr>\n<td colspan=\"5\" width=\"596\"><strong><br \/>\nKJ\u00d8RET\u00d8YSINSPEKSJON PRISLISTE fra 01.11.2024<\/strong><\/td>\n<\/tr>\n<tr>\n<td width=\"39\"><strong>Nr<\/strong><\/td>\n<td width=\"145\"><strong>Navnet p\u00e5 kj\u00f8ret\u00f8yet<br \/>\n<\/strong><\/td>\n<td width=\"64\"><strong>Kj\u00f8ret\u00f8ykategori<br \/>\n<\/strong><\/td>\n<td width=\"64\"><strong>Koste<\/strong><\/td>\n<td width=\"64\"><strong>Fra 3. bro, hver p\u00e5f\u00f8lgende bro<\/strong><\/td>\n<\/tr>\n<tr>\n<td width=\"39\">1<\/td>\n<td width=\"145\">En motorsykkel<\/td>\n<td width=\"64\">L<\/td>\n<td width=\"64\"><strong>30<\/strong><\/td>\n<td width=\"64\"><\/td>\n<\/tr>\n<tr>\n<td width=\"39\">2<\/td>\n<td width=\"145\">Personbil<\/td>\n<td width=\"64\">M1<\/td>\n<td width=\"64\"><strong>50<\/strong><\/td>\n<td width=\"64\"><\/td>\n<\/tr>\n<tr>\n<td width=\"39\">3<\/td>\n<td width=\"145\">Personbil (elektrisitet)<\/td>\n<td width=\"64\">M1<\/td>\n<td width=\"64\"><strong>40<\/strong><\/td>\n<td width=\"64\"><\/td>\n<\/tr>\n<tr>\n<td width=\"39\">4<\/td>\n<td width=\"145\">Varebil<\/td>\n<td width=\"64\">N1<\/td>\n<td width=\"64\"><strong>55<\/strong><\/td>\n<td width=\"64\"><\/td>\n<\/tr>\n<tr>\n<td width=\"39\">5<\/td>\n<td width=\"145\">Lastebil<\/td>\n<td width=\"64\">N2<\/td>\n<td width=\"64\"><strong>60<\/strong><\/td>\n<td width=\"64\"><\/td>\n<\/tr>\n<tr>\n<td width=\"39\">6<\/td>\n<td width=\"145\">Lastebil<\/td>\n<td width=\"64\">N3<\/td>\n<td width=\"64\"><strong>70<\/strong><\/td>\n<td width=\"64\"><strong>5<\/strong><\/td>\n<\/tr>\n<tr>\n<td width=\"39\">7<\/td>\n<td width=\"145\">Minibuss<\/td>\n<td width=\"64\">M2<\/td>\n<td width=\"64\"><strong>65<\/strong><\/td>\n<td width=\"64\"><\/td>\n<\/tr>\n<tr>\n<td width=\"39\">8<\/td>\n<td width=\"145\">En buss<\/td>\n<td width=\"64\">M3<\/td>\n<td width=\"64\"><strong>70<\/strong><\/td>\n<td width=\"64\"><strong>5<\/strong><\/td>\n<\/tr>\n<tr>\n<td width=\"39\">9<\/td>\n<td width=\"145\">Lette trailerer<\/td>\n<td width=\"64\">O1<\/td>\n<td width=\"64\"><strong>20<\/strong><\/td>\n<td width=\"64\"><\/td>\n<\/tr>\n<tr>\n<td width=\"39\">10<\/td>\n<td width=\"145\">Trailerer<\/td>\n<td width=\"64\">O2<\/td>\n<td width=\"64\"><strong>30<\/strong><\/td>\n<td width=\"64\"><\/td>\n<\/tr>\n<tr>\n<td width=\"39\">11<\/td>\n<td width=\"145\">Trailerer<\/td>\n<td width=\"64\">O3<\/td>\n<td width=\"64\"><strong>45<\/strong><\/td>\n<td width=\"64\"><\/td>\n<\/tr>\n<tr>\n<td width=\"39\">12<\/td>\n<td width=\"145\">Trailerer<\/td>\n<td width=\"64\">O4<\/td>\n<td width=\"64\"><strong>50<\/strong><\/td>\n<td width=\"64\"><\/td>\n<\/tr>\n<tr>\n<td width=\"39\">13<\/td>\n<td width=\"145\">Traktor, mobil maskin<\/td>\n<td width=\"64\">TR LM<\/td>\n<td width=\"64\"><strong>35<\/strong><\/td>\n<td width=\"64\"><\/td>\n<\/tr>\n<tr>\n<td width=\"39\">14<\/td>\n<td width=\"145\">Traktorhenger<\/td>\n<td width=\"64\">TH<\/td>\n<td width=\"64\"><strong>25<\/strong><\/td>\n<td width=\"64\"><\/td>\n<\/tr>\n<\/tbody>\n<\/table>\n<p>\n[\/vc_column_text][vc_column_text css=&raquo;&raquo; text_direction=&raquo;default&raquo;]\n<\/p>\n<table>\n<thead>\n<tr>\n<th colspan=\"2\"><\/th>\n<th style=\"text-align: left;\">Koste<\/th>\n<th>Bruk av enheten<\/th>\n<\/tr>\n<\/thead>\n<tbody>\n<tr>\n<td>1<\/td>\n<td>Rabatt for pensjonister (kun M1-kategori)<\/td>\n<td><strong>40<\/strong><\/td>\n<td><\/td>\n<\/tr>\n<tr>\n<td>2<\/td>\n<td>Pris for ny inspeksjon for personbil (gratis samme dag)<\/td>\n<td><strong>5<\/strong><\/td>\n<td><strong>5<\/strong><\/td>\n<\/tr>\n<tr>\n<td>3<\/td>\n<td>Ny inspeksjonspris for en lastebil (gratis samme dag)<\/td>\n<td><strong>10<\/strong><\/td>\n<td><strong>5<\/strong><\/td>\n<\/tr>\n<tr>\n<td>4<\/td>\n<td>Akuttkontrollen gjennomf\u00f8res i sin helhet<\/td>\n<td><strong>Full anmeldelsespris<\/strong><\/td>\n<td><\/td>\n<\/tr>\n<\/tbody>\n<tfoot>\n<tr>\n<td>5<\/td>\n<td>Spesialkontroll: taxi\/treningskj\u00f8ret\u00f8y<\/td>\n<td><strong>15<\/strong><\/td>\n<td><\/td>\n<\/tr>\n<tr>\n<td>6<\/td>\n<td>Internasjonal gjennomgang\/utvidelse<\/td>\n<td><strong>10<\/strong><\/td>\n<td><\/td>\n<\/tr>\n<tr>\n<td colspan=\"2\"><strong>KJ\u00d8RET\u00d8YSKONTROLL UTEN INSPEKSJON<\/strong><\/td>\n<td><\/td>\n<td><\/td>\n<\/tr>\n<tr>\n<td colspan=\"2\">M\u00e5ling av utslipp<\/td>\n<td><strong>\u00a015<\/strong><\/td>\n<td><\/td>\n<\/tr>\n<tr>\n<td colspan=\"2\">Inspeksjon av bremsene (1 aksel)<\/td>\n<td>\u00a0<strong>15<\/strong><\/td>\n<td><\/td>\n<\/tr>\n<tr>\n<td colspan=\"2\">Inspeksjon av fj\u00e6ringssystem (1 aksel)<\/td>\n<td>\u00a0<strong>15<\/strong><\/td>\n<td><\/td>\n<\/tr>\n<tr>\n<td colspan=\"2\">Kontroll av glasstransparens<\/td>\n<td>\u00a0<strong>5<\/strong><\/td>\n<td><\/td>\n<\/tr>\n<tr>\n<td colspan=\"2\">Kontrollere h\u00f8yden p\u00e5 lysene (om mulig ogs\u00e5 justering)<\/td>\n<td>\u00a0<strong>5<\/strong><\/td>\n<td><\/td>\n<\/tr>\n<tr>\n<td colspan=\"2\">Teknisk kontroll f\u00f8r kj\u00f8p\/kontroll<\/td>\n<td>\u00a0<strong>40<\/strong><\/td>\n<td><\/td>\n<\/tr>\n<tr>\n<td colspan=\"2\"><strong>Prisene inkluderer MVA<\/strong><\/td>\n<td><\/td>\n<td><\/td>\n<\/tr>\n<\/tfoot>\n<\/table>\n<p>\n[\/vc_column_text][\/vc_column][\/vc_row][vc_row type=&raquo;in_container&raquo; full_screen_row_position=&raquo;middle&raquo; column_margin=&raquo;default&raquo; column_direction=&raquo;default&raquo; column_direction_tablet=&raquo;default&raquo; column_direction_phone=&raquo;default&raquo; scene_position=&raquo;center&raquo; text_color=&raquo;dark&raquo; text_align=&raquo;left&raquo; row_border_radius=&raquo;none&raquo; row_border_radius_applies=&raquo;bg&raquo; overflow=&raquo;visible&raquo; overlay_strength=&raquo;0.3&#8243; gradient_direction=&raquo;left_to_right&raquo; shape_divider_position=&raquo;bottom&raquo; bg_image_animation=&raquo;none&raquo;][vc_column column_padding=&raquo;no-extra-padding&raquo; column_padding_tablet=&raquo;inherit&raquo; column_padding_phone=&raquo;inherit&raquo; column_padding_position=&raquo;all&raquo; column_element_direction_desktop=&raquo;default&raquo; column_element_spacing=&raquo;default&raquo; desktop_text_alignment=&raquo;default&raquo; tablet_text_alignment=&raquo;default&raquo; phone_text_alignment=&raquo;default&raquo; background_color_opacity=&raquo;1&#8243; background_hover_color_opacity=&raquo;1&#8243; column_backdrop_filter=&raquo;none&raquo; column_shadow=&raquo;none&raquo; column_border_radius=&raquo;none&raquo; column_link_target=&raquo;_self&raquo; column_position=&raquo;default&raquo; gradient_direction=&raquo;left_to_right&raquo; overlay_strength=&raquo;0.3&#8243; width=&raquo;1\/2&#8243; tablet_width_inherit=&raquo;default&raquo; animation_type=&raquo;default&raquo; bg_image_animation=&raquo;none&raquo; border_type=&raquo;simple&raquo; column_border_width=&raquo;none&raquo; column_border_style=&raquo;solid&raquo;][image_with_animation image_url=&raquo;14321&#8243; image_size=&raquo;full&raquo; animation_type=&raquo;entrance&raquo; animation=&raquo;None&raquo; animation_movement_type=&raquo;transform_y&raquo; hover_animation=&raquo;none&raquo; alignment=&raquo;&raquo; border_radius=&raquo;none&raquo; box_shadow=&raquo;none&raquo; image_loading=&raquo;default&raquo; max_width=&raquo;100%&raquo; max_width_mobile=&raquo;default&raquo;][\/vc_column][vc_column column_padding=&raquo;no-extra-padding&raquo; column_padding_tablet=&raquo;inherit&raquo; column_padding_phone=&raquo;inherit&raquo; column_padding_position=&raquo;all&raquo; column_element_direction_desktop=&raquo;default&raquo; column_element_spacing=&raquo;default&raquo; desktop_text_alignment=&raquo;default&raquo; tablet_text_alignment=&raquo;default&raquo; phone_text_alignment=&raquo;default&raquo; background_color_opacity=&raquo;1&#8243; background_hover_color_opacity=&raquo;1&#8243; column_backdrop_filter=&raquo;none&raquo; column_shadow=&raquo;none&raquo; column_border_radius=&raquo;none&raquo; column_link_target=&raquo;_self&raquo; column_position=&raquo;default&raquo; gradient_direction=&raquo;left_to_right&raquo; overlay_strength=&raquo;0.3&#8243; width=&raquo;1\/2&#8243; tablet_width_inherit=&raquo;default&raquo; animation_type=&raquo;default&raquo; bg_image_animation=&raquo;none&raquo; border_type=&raquo;simple&raquo; column_border_width=&raquo;none&raquo; column_border_style=&raquo;solid&raquo;][image_with_animation image_url=&raquo;14708&#8243; image_size=&raquo;full&raquo; animation_type=&raquo;entrance&raquo; animation=&raquo;None&raquo; animation_movement_type=&raquo;transform_y&raquo; hover_animation=&raquo;none&raquo; alignment=&raquo;&raquo; border_radius=&raquo;none&raquo; box_shadow=&raquo;none&raquo; image_loading=&raquo;default&raquo; max_width=&raquo;100%&raquo; max_width_mobile=&raquo;default&raquo;][\/vc_column][\/vc_row][vc_row type=&raquo;full_width_background&raquo; full_screen_row_position=&raquo;middle&raquo; column_margin=&raquo;default&raquo; column_direction=&raquo;default&raquo; column_direction_tablet=&raquo;default&raquo; column_direction_phone=&raquo;default&raquo; scene_position=&raquo;center&raquo; top_padding=&raquo;20&#8243; bottom_padding=&raquo;50&#8243; text_color=&raquo;dark&raquo; text_align=&raquo;left&raquo; row_border_radius=&raquo;none&raquo; row_border_radius_applies=&raquo;bg&raquo; overflow=&raquo;visible&raquo; overlay_strength=&raquo;0.3&#8243; gradient_direction=&raquo;left_to_right&raquo; shape_divider_position=&raquo;bottom&raquo; bg_image_animation=&raquo;none&raquo;][vc_column column_padding=&raquo;no-extra-padding&raquo; column_padding_tablet=&raquo;inherit&raquo; column_padding_phone=&raquo;inherit&raquo; column_padding_position=&raquo;all&raquo; column_element_direction_desktop=&raquo;default&raquo; column_element_spacing=&raquo;default&raquo; desktop_text_alignment=&raquo;default&raquo; tablet_text_alignment=&raquo;default&raquo; phone_text_alignment=&raquo;default&raquo; background_color_opacity=&raquo;1&#8243; background_hover_color_opacity=&raquo;1&#8243; column_backdrop_filter=&raquo;none&raquo; column_shadow=&raquo;none&raquo; column_border_radius=&raquo;none&raquo; column_link_target=&raquo;_self&raquo; column_position=&raquo;default&raquo; gradient_direction=&raquo;left_to_right&raquo; overlay_strength=&raquo;0.3&#8243; width=&raquo;1\/2&#8243; tablet_width_inherit=&raquo;default&raquo; animation_type=&raquo;default&raquo; bg_image_animation=&raquo;none&raquo; border_type=&raquo;simple&raquo; column_border_width=&raquo;none&raquo; column_border_style=&raquo;solid&raquo;][fancy_box box_style=&raquo;default&raquo; icon_family=&raquo;none&raquo; image_url=&raquo;14149&#8243; color=&raquo;Extra-Color-1&#8243; border_radius=&raquo;default&raquo; image_loading=&raquo;default&raquo; min_height=&raquo;100&#8243; link_url=&raquo;http:\/\/saue-auto.ee\/nb\/teenused\/&raquo; link_text=&raquo;Mer informasjon&raquo;]\n<h1>Tjenester<\/h1>\n<p>Saue Auto AS ble etablert 19.mai 1994. Dagens tjenester inkluderer:<br \/>\n&#8211; Internasjonal landeveistransport<br \/>\n&#8211; Kj\u00f8ret\u00f8ys inspeksjon<br \/>\n&#8211; Utleie av n\u00e6ringseiendommer[\/fancy_box][\/vc_column][vc_column column_padding=&raquo;no-extra-padding&raquo; column_padding_tablet=&raquo;inherit&raquo; column_padding_phone=&raquo;inherit&raquo; column_padding_position=&raquo;all&raquo; column_element_direction_desktop=&raquo;default&raquo; column_element_spacing=&raquo;default&raquo; desktop_text_alignment=&raquo;default&raquo; tablet_text_alignment=&raquo;default&raquo; phone_text_alignment=&raquo;default&raquo; background_color_opacity=&raquo;1&#8243; background_hover_color_opacity=&raquo;1&#8243; column_backdrop_filter=&raquo;none&raquo; column_shadow=&raquo;none&raquo; column_border_radius=&raquo;none&raquo; column_link_target=&raquo;_self&raquo; column_position=&raquo;default&raquo; gradient_direction=&raquo;left_to_right&raquo; overlay_strength=&raquo;0.3&#8243; width=&raquo;1\/2&#8243; tablet_width_inherit=&raquo;default&raquo; animation_type=&raquo;default&raquo; bg_image_animation=&raquo;none&raquo; border_type=&raquo;simple&raquo; column_border_width=&raquo;none&raquo; column_border_style=&raquo;solid&raquo;][fancy_box box_style=&raquo;default&raquo; icon_family=&raquo;none&raquo; image_url=&raquo;13933&#8243; color=&raquo;Extra-Color-1&#8243; border_radius=&raquo;default&raquo; image_loading=&raquo;default&raquo; min_height=&raquo;100&#8243; link_url=&raquo;http:\/\/saue-auto.ee\/nb\/kontakt\/&raquo; link_text=&raquo;Mer informasjon&raquo;]\n<h1>Kontakt<\/h1>\n<p>Saue Auto AS<br \/>\nReg. nr. 10115980<br \/>\nTule 33, Saue 76505, Estonia<br \/>\nTlf: +372 610 5050<br \/>\nFax: +372 610 5055<br \/>\nE-post: &#x74;&#114;&#97;n&#x73;&#x70;&#111;r&#x74;&#x40;&#115;a&#x75;&#x65;&#45;a&#x75;&#x74;&#111;&#46;&#x65;&#x65;[\/fancy_box][\/vc_column][\/vc_row]\n","protected":false},"excerpt":{"rendered":"<p>[vc_row type=&raquo;in_container&raquo; full_screen_row_position=&raquo;middle&raquo; column_margin=&raquo;default&raquo; column_direction=&raquo;default&raquo; column_direction_tablet=&raquo;default&raquo; column_direction_phone=&raquo;default&raquo; scene_position=&raquo;center&raquo; text_color=&raquo;dark&raquo; text_align=&raquo;left&raquo; row_border_radius=&raquo;none&raquo; row_border_radius_applies=&raquo;bg&raquo; overflow=&raquo;visible&raquo; overlay_strength=&raquo;0.3&#8243; gradient_direction=&raquo;left_to_right&raquo; shape_divider_position=&raquo;bottom&raquo; bg_image_animation=&raquo;none&raquo;][vc_column column_padding=&raquo;no-extra-padding&raquo; column_padding_tablet=&raquo;inherit&raquo; column_padding_phone=&raquo;inherit&raquo; column_padding_position=&raquo;all&raquo; column_element_direction_desktop=&raquo;default&raquo; column_element_spacing=&raquo;default&raquo; desktop_text_alignment=&raquo;default&raquo; tablet_text_alignment=&raquo;default&raquo; phone_text_alignment=&raquo;default&raquo; background_color=&raquo;#ffffff&raquo; background_color_opacity=&raquo;1&#8243; background_hover_color_opacity=&raquo;1&#8243; column_backdrop_filter=&raquo;none&raquo;&#8230;<\/p>\n","protected":false},"author":3,"featured_media":0,"parent":0,"menu_order":0,"comment_status":"closed","ping_status":"closed","template":"","meta":{"footnotes":""},"class_list":["post-15734","page","type-page","status-publish"],"_links":{"self":[{"href":"https:\/\/saue-auto.ee\/nb\/wp-json\/wp\/v2\/pages\/15734","targetHints":{"allow":["GET"]}}],"collection":[{"href":"https:\/\/saue-auto.ee\/nb\/wp-json\/wp\/v2\/pages"}],"about":[{"href":"https:\/\/saue-auto.ee\/nb\/wp-json\/wp\/v2\/types\/page"}],"author":[{"embeddable":true,"href":"https:\/\/saue-auto.ee\/nb\/wp-json\/wp\/v2\/users\/3"}],"replies":[{"embeddable":true,"href":"https:\/\/saue-auto.ee\/nb\/wp-json\/wp\/v2\/comments?post=15734"}],"version-history":[{"count":12,"href":"https:\/\/saue-auto.ee\/nb\/wp-json\/wp\/v2\/pages\/15734\/revisions"}],"predecessor-version":[{"id":15775,"href":"https:\/\/saue-auto.ee\/nb\/wp-json\/wp\/v2\/pages\/15734\/revisions\/15775"}],"wp:attachment":[{"href":"https:\/\/saue-auto.ee\/nb\/wp-json\/wp\/v2\/media?parent=15734"}],"curies":[{"name":"wp","href":"https:\/\/api.w.org\/{rel}","templated":true}]}}